{"id":37,"date":"2022-11-15T09:22:50","date_gmt":"2022-11-15T12:22:50","guid":{"rendered":"https:\/\/comunadelascalles.com.ar\/principal\/?page_id=37"},"modified":"2024-10-17T13:17:42","modified_gmt":"2024-10-17T16:17:42","slug":"donde-comer","status":"publish","type":"page","link":"https:\/\/comunadelascalles.com.ar\/principal\/donde-comer\/","title":{"rendered":"GASTRONOM\u00cdA"},"content":{"rendered":"\t\t<div data-elementor-type=\"wp-page\" data-elementor-id=\"37\" class=\"elementor elementor-37\" data-elementor-post-type=\"page\">\n\t\t\t\t\t\t<section class=\"elementor-section elementor-top-section elementor-element elementor-element-4a36d6a elementor-section-height-full elementor-section-boxed elementor-section-height-default elementor-section-items-middle wpr-particle-no wpr-jarallax-no wpr-parallax-no wpr-sticky-section-no wpr-equal-height-no\" data-id=\"4a36d6a\" data-element_type=\"section\" data-e-type=\"section\">\n\t\t\t\t\t\t\t<div class=\"elementor-background-overlay\"><\/div>\n\t\t\t\t\t\t\t<div class=\"elementor-container elementor-column-gap-default\">\n\t\t\t\t\t<div class=\"elementor-column elementor-col-100 elementor-top-column elementor-element elementor-element-3b43dc3\" data-id=\"3b43dc3\" data-element_type=\"column\" data-e-type=\"column\">\n\t\t\t<div class=\"elementor-widget-wrap elementor-element-populated\">\n\t\t\t\t\t\t<div class=\"elementor-element elementor-element-a23c445 elementor-grid-eael-col-4 elementor-grid-tablet-eael-col-2 elementor-grid-mobile-eael-col-1 elementor-widget elementor-widget-eael-post-grid\" data-id=\"a23c445\" data-element_type=\"widget\" data-e-type=\"widget\" data-settings=\"{&quot;eael_post_grid_columns&quot;:&quot;eael-col-4&quot;,&quot;eael_post_grid_columns_tablet&quot;:&quot;eael-col-2&quot;,&quot;eael_post_grid_columns_mobile&quot;:&quot;eael-col-1&quot;}\" data-widget_type=\"eael-post-grid.default\">\n\t\t\t\t<div class=\"elementor-widget-container\">\n\t\t\t\t\t<div id=\"eael-post-grid-a23c445\" class=\"eael-post-grid-container\">\n            <div class=\"eael-post-grid eael-post-appender eael-post-appender-a23c445 eael-post-grid-style-one\" data-layout-mode=\"masonry\"><article class=\"eael-grid-post  eael-post-grid-column eael-pg-post-1827 category-donde-comer\" data-id=\"1827\">\n        <div class=\"eael-grid-post-holder\">\n            <div class=\"eael-grid-post-holder-inner\"><div class=\"eael-entry-media\"><div class=\"eael-entry-overlay fade-in\"><i class=\"fas fa-long-arrow-alt-right\" aria-hidden=\"true\"><\/i><a href=\"https:\/\/comunadelascalles.com.ar\/principal\/cerveza-rumbos-las-calles\/\"><\/a><\/div><div class=\"eael-entry-thumbnail \">\n                <img fetchpriority=\"high\" decoding=\"async\" width=\"300\" height=\"227\" src=\"https:\/\/comunadelascalles.com.ar\/principal\/wp-content\/uploads\/2022\/12\/55bc589f-fb23-4d26-9b52-65ca8d8ca587-300x227.jpeg\" class=\"attachment-medium size-medium wp-image-3649\" alt=\"\" srcset=\"https:\/\/comunadelascalles.com.ar\/principal\/wp-content\/uploads\/2022\/12\/55bc589f-fb23-4d26-9b52-65ca8d8ca587-300x227.jpeg 300w, https:\/\/comunadelascalles.com.ar\/principal\/wp-content\/uploads\/2022\/12\/55bc589f-fb23-4d26-9b52-65ca8d8ca587-768x581.jpeg 768w, https:\/\/comunadelascalles.com.ar\/principal\/wp-content\/uploads\/2022\/12\/55bc589f-fb23-4d26-9b52-65ca8d8ca587.jpeg 837w\" sizes=\"(max-width: 300px) 100vw, 300px\" \/>\n            <\/div>\n        <\/div><div class=\"eael-entry-wrapper\"><header class=\"eael-entry-header\"><h2 class=\"eael-entry-title\"><a class=\"eael-grid-post-link\" href=\"https:\/\/comunadelascalles.com.ar\/principal\/cerveza-rumbos-las-calles\/\" title=\"Cervecer\u00eda Rumbos\">Cervecer\u00eda Rumbos<\/a><\/h2><\/header><div class=\"eael-entry-content\">\n                        <div class=\"eael-grid-post-excerpt\"><p>Cerveza artesanal Rumbos ubicada en a localidad de Las Calles...<\/p><a href=\"https:\/\/comunadelascalles.com.ar\/principal\/cerveza-rumbos-las-calles\/\" class=\"eael-post-elements-readmore-btn\">Read More<\/a><\/div>\n                    <\/div><div class=\"eael-entry-footer\"><div class=\"eael-author-avatar\"><a href=\"https:\/\/comunadelascalles.com.ar\/principal\/author\/comunalascalles\/\"><img alt='Comunalascalles' src='https:\/\/secure.gravatar.com\/avatar\/d21d8d4979708da28519be8e2f0d57002ab2417ad1e0a1c18ec3dc483c05485a?s=96&#038;d=mm&#038;r=g' srcset='https:\/\/secure.gravatar.com\/avatar\/d21d8d4979708da28519be8e2f0d57002ab2417ad1e0a1c18ec3dc483c05485a?s=192&#038;d=mm&#038;r=g 2x' class='avatar pull-left media-object avatar-96 photo' height='96' width='96' \/><\/a><\/div><div class=\"eael-entry-meta\"><span class=\"eael-posted-by\"><a href=\"https:\/\/comunadelascalles.com.ar\/principal\/author\/comunalascalles\/\" title=\"Posts by Comunalascalles\" rel=\"author\">Comunalascalles<\/a><\/span><span class=\"eael-posted-on\"><time datetime=\"26 noviembre, 2023\">26 noviembre, 2023<\/time><\/span><\/div><\/div><\/div><\/div>\n        <\/div>\n    <\/article><article class=\"eael-grid-post  eael-post-grid-column eael-pg-post-3520 category-donde-comer tags-artesanias-desayuno-tienda\" data-id=\"3520\">\n        <div class=\"eael-grid-post-holder\">\n            <div class=\"eael-grid-post-holder-inner\"><div class=\"eael-entry-media\"><div class=\"eael-entry-overlay fade-in\"><i class=\"fas fa-long-arrow-alt-right\" aria-hidden=\"true\"><\/i><a href=\"https:\/\/comunadelascalles.com.ar\/principal\/los-7-chacras\/\"><\/a><\/div><div class=\"eael-entry-thumbnail \">\n                <img decoding=\"async\" width=\"300\" height=\"194\" src=\"https:\/\/comunadelascalles.com.ar\/principal\/wp-content\/uploads\/2024\/10\/WhatsApp-Image-2024-10-17-at-12.38.43-PM-300x194.jpeg\" class=\"attachment-medium size-medium wp-image-3536\" alt=\"\" srcset=\"https:\/\/comunadelascalles.com.ar\/principal\/wp-content\/uploads\/2024\/10\/WhatsApp-Image-2024-10-17-at-12.38.43-PM-300x194.jpeg 300w, https:\/\/comunadelascalles.com.ar\/principal\/wp-content\/uploads\/2024\/10\/WhatsApp-Image-2024-10-17-at-12.38.43-PM-1024x662.jpeg 1024w, https:\/\/comunadelascalles.com.ar\/principal\/wp-content\/uploads\/2024\/10\/WhatsApp-Image-2024-10-17-at-12.38.43-PM-768x497.jpeg 768w, https:\/\/comunadelascalles.com.ar\/principal\/wp-content\/uploads\/2024\/10\/WhatsApp-Image-2024-10-17-at-12.38.43-PM.jpeg 1152w\" sizes=\"(max-width: 300px) 100vw, 300px\" \/>\n            <\/div>\n        <\/div><div class=\"eael-entry-wrapper\"><header class=\"eael-entry-header\"><h2 class=\"eael-entry-title\"><a class=\"eael-grid-post-link\" href=\"https:\/\/comunadelascalles.com.ar\/principal\/los-7-chacras\/\" title=\"Los 7 Chacras\">Los 7 Chacras<\/a><\/h2><\/header><div class=\"eael-entry-content\">\n                        <div class=\"eael-grid-post-excerpt\"><p>Lugar ubicado en zona c\u00e9ntrica de Las Calles en cercan\u00edas...<\/p><a href=\"https:\/\/comunadelascalles.com.ar\/principal\/los-7-chacras\/\" class=\"eael-post-elements-readmore-btn\">Read More<\/a><\/div>\n                    <\/div><div class=\"eael-entry-footer\"><div class=\"eael-author-avatar\"><a href=\"https:\/\/comunadelascalles.com.ar\/principal\/author\/comunalascalles\/\"><img alt='Comunalascalles' src='https:\/\/secure.gravatar.com\/avatar\/d21d8d4979708da28519be8e2f0d57002ab2417ad1e0a1c18ec3dc483c05485a?s=96&#038;d=mm&#038;r=g' srcset='https:\/\/secure.gravatar.com\/avatar\/d21d8d4979708da28519be8e2f0d57002ab2417ad1e0a1c18ec3dc483c05485a?s=192&#038;d=mm&#038;r=g 2x' class='avatar pull-left media-object avatar-96 photo' height='96' width='96' \/><\/a><\/div><div class=\"eael-entry-meta\"><span class=\"eael-posted-by\"><a href=\"https:\/\/comunadelascalles.com.ar\/principal\/author\/comunalascalles\/\" title=\"Posts by Comunalascalles\" rel=\"author\">Comunalascalles<\/a><\/span><span class=\"eael-posted-on\"><time datetime=\"17 junio, 2023\">17 junio, 2023<\/time><\/span><\/div><\/div><\/div><\/div>\n        <\/div>\n    <\/article><article class=\"eael-grid-post  eael-post-grid-column eael-pg-post-1816 category-donde-comer tags-artesanias-desayuno-tienda\" data-id=\"1816\">\n        <div class=\"eael-grid-post-holder\">\n            <div class=\"eael-grid-post-holder-inner\"><div class=\"eael-entry-media\"><div class=\"eael-entry-overlay fade-in\"><i class=\"fas fa-long-arrow-alt-right\" aria-hidden=\"true\"><\/i><a href=\"https:\/\/comunadelascalles.com.ar\/principal\/casa-de-te-rincon-de-la-estancia\/\"><\/a><\/div><div class=\"eael-entry-thumbnail \">\n                <img decoding=\"async\" width=\"300\" height=\"225\" src=\"https:\/\/comunadelascalles.com.ar\/principal\/wp-content\/uploads\/2022\/12\/casa-de-te-Casa-de-Te-Rincon-de-la-Estancia-las-calles.jpg4_-300x225.jpg\" class=\"attachment-medium size-medium wp-image-1820\" alt=\"\" srcset=\"https:\/\/comunadelascalles.com.ar\/principal\/wp-content\/uploads\/2022\/12\/casa-de-te-Casa-de-Te-Rincon-de-la-Estancia-las-calles.jpg4_-300x225.jpg 300w, https:\/\/comunadelascalles.com.ar\/principal\/wp-content\/uploads\/2022\/12\/casa-de-te-Casa-de-Te-Rincon-de-la-Estancia-las-calles.jpg4_.jpg 680w\" sizes=\"(max-width: 300px) 100vw, 300px\" \/>\n            <\/div>\n        <\/div><div class=\"eael-entry-wrapper\"><header class=\"eael-entry-header\"><h2 class=\"eael-entry-title\"><a class=\"eael-grid-post-link\" href=\"https:\/\/comunadelascalles.com.ar\/principal\/casa-de-te-rincon-de-la-estancia\/\" title=\"Rinc\u00f3n de la Estancia\">Rinc\u00f3n de la Estancia<\/a><\/h2><\/header><div class=\"eael-entry-content\">\n                        <div class=\"eael-grid-post-excerpt\"><p>Lugar ubicado en zona c\u00e9ntrica de Las Calles en cercan\u00edas...<\/p><a href=\"https:\/\/comunadelascalles.com.ar\/principal\/casa-de-te-rincon-de-la-estancia\/\" class=\"eael-post-elements-readmore-btn\">Read More<\/a><\/div>\n                    <\/div><div class=\"eael-entry-footer\"><div class=\"eael-author-avatar\"><a href=\"https:\/\/comunadelascalles.com.ar\/principal\/author\/comunalascalles\/\"><img alt='Comunalascalles' src='https:\/\/secure.gravatar.com\/avatar\/d21d8d4979708da28519be8e2f0d57002ab2417ad1e0a1c18ec3dc483c05485a?s=96&#038;d=mm&#038;r=g' srcset='https:\/\/secure.gravatar.com\/avatar\/d21d8d4979708da28519be8e2f0d57002ab2417ad1e0a1c18ec3dc483c05485a?s=192&#038;d=mm&#038;r=g 2x' class='avatar pull-left media-object avatar-96 photo' height='96' width='96' \/><\/a><\/div><div class=\"eael-entry-meta\"><span class=\"eael-posted-by\"><a href=\"https:\/\/comunadelascalles.com.ar\/principal\/author\/comunalascalles\/\" title=\"Posts by Comunalascalles\" rel=\"author\">Comunalascalles<\/a><\/span><span class=\"eael-posted-on\"><time datetime=\"23 marzo, 2023\">23 marzo, 2023<\/time><\/span><\/div><\/div><\/div><\/div>\n        <\/div>\n    <\/article><article class=\"eael-grid-post  eael-post-grid-column eael-pg-post-3650 category-donde-comer tags-artesanias-desayuno-tienda\" data-id=\"3650\">\n        <div class=\"eael-grid-post-holder\">\n            <div class=\"eael-grid-post-holder-inner\"><div class=\"eael-entry-media\"><div class=\"eael-entry-overlay fade-in\"><i class=\"fas fa-long-arrow-alt-right\" aria-hidden=\"true\"><\/i><a href=\"https:\/\/comunadelascalles.com.ar\/principal\/vacarizzo\/\"><\/a><\/div><div class=\"eael-entry-thumbnail \">\n                <img loading=\"lazy\" decoding=\"async\" width=\"300\" height=\"259\" src=\"https:\/\/comunadelascalles.com.ar\/principal\/wp-content\/uploads\/2024\/10\/WhatsApp-Image-2024-10-17-at-1.52.34-PM-300x259.jpeg\" class=\"attachment-medium size-medium wp-image-3652\" alt=\"\" srcset=\"https:\/\/comunadelascalles.com.ar\/principal\/wp-content\/uploads\/2024\/10\/WhatsApp-Image-2024-10-17-at-1.52.34-PM-300x259.jpeg 300w, https:\/\/comunadelascalles.com.ar\/principal\/wp-content\/uploads\/2024\/10\/WhatsApp-Image-2024-10-17-at-1.52.34-PM.jpeg 333w\" sizes=\"(max-width: 300px) 100vw, 300px\" \/>\n            <\/div>\n        <\/div><div class=\"eael-entry-wrapper\"><header class=\"eael-entry-header\"><h2 class=\"eael-entry-title\"><a class=\"eael-grid-post-link\" href=\"https:\/\/comunadelascalles.com.ar\/principal\/vacarizzo\/\" title=\"Vacarizzo\">Vacarizzo<\/a><\/h2><\/header><div class=\"eael-entry-content\">\n                        <div class=\"eael-grid-post-excerpt\"><p>Lugar ubicado en zona c\u00e9ntrica de Las Calles en cercan\u00edas...<\/p><a href=\"https:\/\/comunadelascalles.com.ar\/principal\/vacarizzo\/\" class=\"eael-post-elements-readmore-btn\">Read More<\/a><\/div>\n                    <\/div><div class=\"eael-entry-footer\"><div class=\"eael-author-avatar\"><a href=\"https:\/\/comunadelascalles.com.ar\/principal\/author\/comunalascalles\/\"><img alt='Comunalascalles' src='https:\/\/secure.gravatar.com\/avatar\/d21d8d4979708da28519be8e2f0d57002ab2417ad1e0a1c18ec3dc483c05485a?s=96&#038;d=mm&#038;r=g' srcset='https:\/\/secure.gravatar.com\/avatar\/d21d8d4979708da28519be8e2f0d57002ab2417ad1e0a1c18ec3dc483c05485a?s=192&#038;d=mm&#038;r=g 2x' class='avatar pull-left media-object avatar-96 photo' height='96' width='96' \/><\/a><\/div><div class=\"eael-entry-meta\"><span class=\"eael-posted-by\"><a href=\"https:\/\/comunadelascalles.com.ar\/principal\/author\/comunalascalles\/\" title=\"Posts by Comunalascalles\" rel=\"author\">Comunalascalles<\/a><\/span><span class=\"eael-posted-on\"><time datetime=\"1 enero, 2023\">1 enero, 2023<\/time><\/span><\/div><\/div><\/div><\/div>\n        <\/div>\n    <\/article><\/div>\n            <div class=\"clearfix\"><\/div>\n        <\/div>\t\t\t\t<\/div>\n\t\t\t\t<\/div>\n\t\t\t\t\t<\/div>\n\t\t<\/div>\n\t\t\t\t\t<\/div>\n\t\t<\/section>\n\t\t\t\t<\/div>\n\t\t","protected":false},"excerpt":{"rendered":"<p>Los 7 Chacras Lugar ubicado en zona c\u00e9ntrica de Las Calles en cercan\u00edas&#8230; Read More 17 octubre, 2024 Cervecer\u00eda Rumbos Cerveza artesanal Rumbos ubicada en a localidad de Las Calles&#8230; Read More 26 diciembre, 2022 Rinc\u00f3n de la Estancia Lugar &hellip; <a href=\"https:\/\/comunadelascalles.com.ar\/principal\/vacarizzo\/\">Continued<\/a><\/p>\n","protected":false},"author":1,"featured_media":0,"parent":0,"menu_order":0,"comment_status":"closed","ping_status":"closed","template":"essential-blocks-fullwidth-template.php","meta":{"_eb_attr":"","footnotes":""},"class_list":["post-37","page","type-page","status-publish","hentry"],"yoast_head":"<!-- This site is optimized with the Yoast SEO plugin v27.4 - https:\/\/yoast.com\/product\/yoast-seo-wordpress\/ -->\n<title>GASTRONOM\u00cdA - Comuna de Las Calles, Traslasierra<\/title>\n<meta name=\"robots\" content=\"index, follow, max-snippet:-1, max-image-preview:large, max-video-preview:-1\" \/>\n<link rel=\"canonical\" href=\"https:\/\/comunadelascalles.com.ar\/principal\/donde-comer\/\" \/>\n<meta property=\"og:locale\" content=\"es_ES\" \/>\n<meta property=\"og:type\" content=\"article\" \/>\n<meta property=\"og:title\" content=\"GASTRONOM\u00cdA - Comuna de Las Calles, Traslasierra\" \/>\n<meta property=\"og:description\" content=\"Los 7 Chacras Lugar ubicado en zona c\u00e9ntrica de Las Calles en cercan\u00edas&#8230; Read More 17 octubre, 2024 Cervecer\u00eda Rumbos Cerveza artesanal Rumbos ubicada en a localidad de Las Calles&#8230; Read More 26 diciembre, 2022 Rinc\u00f3n de la Estancia Lugar &hellip; Continued\" \/>\n<meta property=\"og:url\" content=\"https:\/\/comunadelascalles.com.ar\/principal\/donde-comer\/\" \/>\n<meta property=\"og:site_name\" content=\"Comuna de Las Calles, Traslasierra\" \/>\n<meta property=\"article:modified_time\" content=\"2024-10-17T16:17:42+00:00\" \/>\n<meta property=\"og:image\" content=\"https:\/\/comunadelascalles.com.ar\/principal\/wp-content\/uploads\/2024\/10\/WhatsApp-Image-2024-10-17-at-12.38.43-PM.jpeg\" \/>\n\t<meta property=\"og:image:width\" content=\"1152\" \/>\n\t<meta property=\"og:image:height\" content=\"745\" \/>\n\t<meta property=\"og:image:type\" content=\"image\/jpeg\" \/>\n<meta name=\"twitter:card\" content=\"summary_large_image\" \/>\n<meta name=\"twitter:label1\" content=\"Tiempo de lectura\" \/>\n\t<meta name=\"twitter:data1\" content=\"2 minutos\" \/>\n<script type=\"application\/ld+json\" class=\"yoast-schema-graph\">{\"@context\":\"https:\\\/\\\/schema.org\",\"@graph\":[{\"@type\":\"WebPage\",\"@id\":\"https:\\\/\\\/comunadelascalles.com.ar\\\/principal\\\/donde-comer\\\/\",\"url\":\"https:\\\/\\\/comunadelascalles.com.ar\\\/principal\\\/donde-comer\\\/\",\"name\":\"GASTRONOM\u00cdA - Comuna de Las Calles, Traslasierra\",\"isPartOf\":{\"@id\":\"https:\\\/\\\/comunadelascalles.com.ar\\\/principal\\\/#website\"},\"primaryImageOfPage\":{\"@id\":\"https:\\\/\\\/comunadelascalles.com.ar\\\/principal\\\/donde-comer\\\/#primaryimage\"},\"image\":{\"@id\":\"https:\\\/\\\/comunadelascalles.com.ar\\\/principal\\\/donde-comer\\\/#primaryimage\"},\"thumbnailUrl\":\"https:\\\/\\\/comunadelascalles.com.ar\\\/principal\\\/wp-content\\\/uploads\\\/2024\\\/10\\\/WhatsApp-Image-2024-10-17-at-12.38.43-PM-300x194.jpeg\",\"datePublished\":\"2022-11-15T12:22:50+00:00\",\"dateModified\":\"2024-10-17T16:17:42+00:00\",\"breadcrumb\":{\"@id\":\"https:\\\/\\\/comunadelascalles.com.ar\\\/principal\\\/donde-comer\\\/#breadcrumb\"},\"inLanguage\":\"es-AR\",\"potentialAction\":[{\"@type\":\"ReadAction\",\"target\":[\"https:\\\/\\\/comunadelascalles.com.ar\\\/principal\\\/donde-comer\\\/\"]}]},{\"@type\":\"ImageObject\",\"inLanguage\":\"es-AR\",\"@id\":\"https:\\\/\\\/comunadelascalles.com.ar\\\/principal\\\/donde-comer\\\/#primaryimage\",\"url\":\"https:\\\/\\\/comunadelascalles.com.ar\\\/principal\\\/wp-content\\\/uploads\\\/2024\\\/10\\\/WhatsApp-Image-2024-10-17-at-12.38.43-PM.jpeg\",\"contentUrl\":\"https:\\\/\\\/comunadelascalles.com.ar\\\/principal\\\/wp-content\\\/uploads\\\/2024\\\/10\\\/WhatsApp-Image-2024-10-17-at-12.38.43-PM.jpeg\",\"width\":1152,\"height\":745},{\"@type\":\"BreadcrumbList\",\"@id\":\"https:\\\/\\\/comunadelascalles.com.ar\\\/principal\\\/donde-comer\\\/#breadcrumb\",\"itemListElement\":[{\"@type\":\"ListItem\",\"position\":1,\"name\":\"Inicio\",\"item\":\"https:\\\/\\\/comunadelascalles.com.ar\\\/principal\\\/\"},{\"@type\":\"ListItem\",\"position\":2,\"name\":\"GASTRONOM\u00cdA\"}]},{\"@type\":\"WebSite\",\"@id\":\"https:\\\/\\\/comunadelascalles.com.ar\\\/principal\\\/#website\",\"url\":\"https:\\\/\\\/comunadelascalles.com.ar\\\/principal\\\/\",\"name\":\"Comuna de Las Calles, Traslasierra\",\"description\":\"Las Calles, descubr\u00ed el para\u00edso\",\"potentialAction\":[{\"@type\":\"SearchAction\",\"target\":{\"@type\":\"EntryPoint\",\"urlTemplate\":\"https:\\\/\\\/comunadelascalles.com.ar\\\/principal\\\/?s={search_term_string}\"},\"query-input\":{\"@type\":\"PropertyValueSpecification\",\"valueRequired\":true,\"valueName\":\"search_term_string\"}}],\"inLanguage\":\"es-AR\"}]}<\/script>\n<!-- \/ Yoast SEO plugin. -->","yoast_head_json":{"title":"GASTRONOM\u00cdA - Comuna de Las Calles, Traslasierra","robots":{"index":"index","follow":"follow","max-snippet":"max-snippet:-1","max-image-preview":"max-image-preview:large","max-video-preview":"max-video-preview:-1"},"canonical":"https:\/\/comunadelascalles.com.ar\/principal\/donde-comer\/","og_locale":"es_ES","og_type":"article","og_title":"GASTRONOM\u00cdA - Comuna de Las Calles, Traslasierra","og_description":"Los 7 Chacras Lugar ubicado en zona c\u00e9ntrica de Las Calles en cercan\u00edas&#8230; Read More 17 octubre, 2024 Cervecer\u00eda Rumbos Cerveza artesanal Rumbos ubicada en a localidad de Las Calles&#8230; Read More 26 diciembre, 2022 Rinc\u00f3n de la Estancia Lugar &hellip; Continued","og_url":"https:\/\/comunadelascalles.com.ar\/principal\/donde-comer\/","og_site_name":"Comuna de Las Calles, Traslasierra","article_modified_time":"2024-10-17T16:17:42+00:00","og_image":[{"width":1152,"height":745,"url":"https:\/\/comunadelascalles.com.ar\/principal\/wp-content\/uploads\/2024\/10\/WhatsApp-Image-2024-10-17-at-12.38.43-PM.jpeg","type":"image\/jpeg"}],"twitter_card":"summary_large_image","twitter_misc":{"Tiempo de lectura":"2 minutos"},"schema":{"@context":"https:\/\/schema.org","@graph":[{"@type":"WebPage","@id":"https:\/\/comunadelascalles.com.ar\/principal\/donde-comer\/","url":"https:\/\/comunadelascalles.com.ar\/principal\/donde-comer\/","name":"GASTRONOM\u00cdA - Comuna de Las Calles, Traslasierra","isPartOf":{"@id":"https:\/\/comunadelascalles.com.ar\/principal\/#website"},"primaryImageOfPage":{"@id":"https:\/\/comunadelascalles.com.ar\/principal\/donde-comer\/#primaryimage"},"image":{"@id":"https:\/\/comunadelascalles.com.ar\/principal\/donde-comer\/#primaryimage"},"thumbnailUrl":"https:\/\/comunadelascalles.com.ar\/principal\/wp-content\/uploads\/2024\/10\/WhatsApp-Image-2024-10-17-at-12.38.43-PM-300x194.jpeg","datePublished":"2022-11-15T12:22:50+00:00","dateModified":"2024-10-17T16:17:42+00:00","breadcrumb":{"@id":"https:\/\/comunadelascalles.com.ar\/principal\/donde-comer\/#breadcrumb"},"inLanguage":"es-AR","potentialAction":[{"@type":"ReadAction","target":["https:\/\/comunadelascalles.com.ar\/principal\/donde-comer\/"]}]},{"@type":"ImageObject","inLanguage":"es-AR","@id":"https:\/\/comunadelascalles.com.ar\/principal\/donde-comer\/#primaryimage","url":"https:\/\/comunadelascalles.com.ar\/principal\/wp-content\/uploads\/2024\/10\/WhatsApp-Image-2024-10-17-at-12.38.43-PM.jpeg","contentUrl":"https:\/\/comunadelascalles.com.ar\/principal\/wp-content\/uploads\/2024\/10\/WhatsApp-Image-2024-10-17-at-12.38.43-PM.jpeg","width":1152,"height":745},{"@type":"BreadcrumbList","@id":"https:\/\/comunadelascalles.com.ar\/principal\/donde-comer\/#breadcrumb","itemListElement":[{"@type":"ListItem","position":1,"name":"Inicio","item":"https:\/\/comunadelascalles.com.ar\/principal\/"},{"@type":"ListItem","position":2,"name":"GASTRONOM\u00cdA"}]},{"@type":"WebSite","@id":"https:\/\/comunadelascalles.com.ar\/principal\/#website","url":"https:\/\/comunadelascalles.com.ar\/principal\/","name":"Comuna de Las Calles, Traslasierra","description":"Las Calles, descubr\u00ed el para\u00edso","potentialAction":[{"@type":"SearchAction","target":{"@type":"EntryPoint","urlTemplate":"https:\/\/comunadelascalles.com.ar\/principal\/?s={search_term_string}"},"query-input":{"@type":"PropertyValueSpecification","valueRequired":true,"valueName":"search_term_string"}}],"inLanguage":"es-AR"}]}},"_links":{"self":[{"href":"https:\/\/comunadelascalles.com.ar\/principal\/wp-json\/wp\/v2\/pages\/37","targetHints":{"allow":["GET"]}}],"collection":[{"href":"https:\/\/comunadelascalles.com.ar\/principal\/wp-json\/wp\/v2\/pages"}],"about":[{"href":"https:\/\/comunadelascalles.com.ar\/principal\/wp-json\/wp\/v2\/types\/page"}],"author":[{"embeddable":true,"href":"https:\/\/comunadelascalles.com.ar\/principal\/wp-json\/wp\/v2\/users\/1"}],"replies":[{"embeddable":true,"href":"https:\/\/comunadelascalles.com.ar\/principal\/wp-json\/wp\/v2\/comments?post=37"}],"version-history":[{"count":28,"href":"https:\/\/comunadelascalles.com.ar\/principal\/wp-json\/wp\/v2\/pages\/37\/revisions"}],"predecessor-version":[{"id":3595,"href":"https:\/\/comunadelascalles.com.ar\/principal\/wp-json\/wp\/v2\/pages\/37\/revisions\/3595"}],"wp:attachment":[{"href":"https:\/\/comunadelascalles.com.ar\/principal\/wp-json\/wp\/v2\/media?parent=37"}],"curies":[{"name":"wp","href":"https:\/\/api.w.org\/{rel}","templated":true}]}}