{"id":31,"date":"2022-11-15T09:20:59","date_gmt":"2022-11-15T12:20:59","guid":{"rendered":"https:\/\/comunadelascalles.com.ar\/principal\/?page_id=31"},"modified":"2026-04-01T12:49:31","modified_gmt":"2026-04-01T15:49:31","slug":"noticias","status":"publish","type":"page","link":"https:\/\/comunadelascalles.com.ar\/principal\/","title":{"rendered":"NOTICIAS"},"content":{"rendered":"\t\t<div data-elementor-type=\"wp-page\" data-elementor-id=\"31\" class=\"elementor elementor-31\" data-elementor-post-type=\"page\">\n\t\t\t\t\t\t<section class=\"elementor-section elementor-top-section elementor-element elementor-element-0159b84 elementor-section-boxed elementor-section-height-default elementor-section-height-default wpr-particle-no wpr-jarallax-no wpr-parallax-no wpr-sticky-section-no wpr-column-slider-no wpr-equal-height-no\" data-id=\"0159b84\" data-element_type=\"section\" data-e-type=\"section\">\n\t\t\t\t\t\t<div class=\"elementor-container elementor-column-gap-default\">\n\t\t\t\t\t<div class=\"elementor-column elementor-col-100 elementor-top-column elementor-element elementor-element-fca1117\" data-id=\"fca1117\" data-element_type=\"column\" data-e-type=\"column\">\n\t\t\t<div class=\"elementor-widget-wrap elementor-element-populated\">\n\t\t\t\t\t\t<div class=\"elementor-element elementor-element-245e2c3 elementor-widget elementor-widget-heading\" data-id=\"245e2c3\" data-element_type=\"widget\" data-e-type=\"widget\" data-widget_type=\"heading.default\">\n\t\t\t\t<div class=\"elementor-widget-container\">\n\t\t\t\t\t<h2 class=\"elementor-heading-title elementor-size-default\">\u00daLTIMAS NOTICIAS <\/h2>\t\t\t\t<\/div>\n\t\t\t\t<\/div>\n\t\t\t\t\t<\/div>\n\t\t<\/div>\n\t\t\t\t\t<\/div>\n\t\t<\/section>\n\t\t\t\t<section class=\"elementor-section elementor-top-section elementor-element elementor-element-f108d11 elementor-section-boxed elementor-section-height-default elementor-section-height-default wpr-particle-no wpr-jarallax-no wpr-parallax-no wpr-sticky-section-no wpr-column-slider-no wpr-equal-height-no\" data-id=\"f108d11\" data-element_type=\"section\" data-e-type=\"section\">\n\t\t\t\t\t\t<div class=\"elementor-container elementor-column-gap-default\">\n\t\t\t\t\t<div class=\"elementor-column elementor-col-100 elementor-top-column elementor-element elementor-element-aad1446\" data-id=\"aad1446\" data-element_type=\"column\" data-e-type=\"column\">\n\t\t\t<div class=\"elementor-widget-wrap elementor-element-populated\">\n\t\t\t\t\t\t<div class=\"elementor-element elementor-element-6a41046 elementor-widget elementor-widget-wpr-magazine-grid\" data-id=\"6a41046\" data-element_type=\"widget\" data-e-type=\"widget\" data-widget_type=\"wpr-magazine-grid.default\">\n\t\t\t\t<div class=\"elementor-widget-container\">\n\t\t\t\t\t<div class=\"wpr-magazine-grid-wrap\"  data-slide-effect=\"\"><section class=\"wpr-magazine-grid wpr-mgzn-grid-2-h wpr-mgzn-grid-rows-3\"><article class=\"wpr-mgzn-grid-item elementor-clearfix post-4644 post type-post status-publish format-standard has-post-thumbnail hentry category-destacados category-noticias\"><div class=\"wpr-grid-item-inner\"><div class=\"wpr-grid-media-wrap\" data-overlay-link=\"yes\"><div class=\"wpr-grid-image-wrap\" data-src=\"https:\/\/comunadelascalles.com.ar\/principal\/wp-content\/uploads\/2026\/04\/659953408_976093071421017_7000294691502939864_n-1.jpg\" style=\"background-image: url(https:\/\/comunadelascalles.com.ar\/principal\/wp-content\/uploads\/2026\/04\/659953408_976093071421017_7000294691502939864_n-1.jpg)\"><\/div><div class=\"wpr-grid-media-hover wpr-animation-wrap\"><div class=\"wpr-grid-media-hover-bg  wpr-overlay-fade-out wpr-anim-size-large wpr-anim-timing-ease-default wpr-anim-transparency\" data-url=\"https:\/\/comunadelascalles.com.ar\/principal\/las-calles-fue-sede-del-1-taller-de-manejo-seguro-de-fauna-silvestre\/\"><\/div><div class=\"wpr-grid-media-hover-bottom elementor-clearfix\"><h2 class=\"wpr-grid-item-title elementor-repeater-item-0f2027e wpr-grid-item-display-block wpr-grid-item-align-left wpr-pointer-none wpr-pointer-line-fx wpr-pointer-fx-fade\"><div class=\"inner-block\"><a  target=\"_self\"  href=\"https:\/\/comunadelascalles.com.ar\/principal\/las-calles-fue-sede-del-1-taller-de-manejo-seguro-de-fauna-silvestre\/\">LAS CALLES FUE SEDE DEL 1\u00b0 TALLER DE MANEJO SEGURO DE FAUNA SILVESTRE<\/a><\/div><\/h2><div class=\"wpr-grid-item-author elementor-repeater-item-ac72892 wpr-grid-item-display-inline wpr-grid-item-align-left\"><div class=\"inner-block\"><a href=\"https:\/\/comunadelascalles.com.ar\/principal\/author\/comunalascalles\/\"><span>Comunalascalles<\/span><\/a><\/div><\/div><div class=\"wpr-grid-item-separator elementor-repeater-item-92baf86 wpr-grid-item-display-inline wpr-grid-item-align-left wpr-grid-sep-style-1\"><div class=\"inner-block\"><span><\/span><\/div><\/div><\/div><\/div><\/div><\/div><\/article><article class=\"wpr-mgzn-grid-item elementor-clearfix post-4622 post type-post status-publish format-standard has-post-thumbnail hentry category-noticias\"><div class=\"wpr-grid-item-inner\"><div class=\"wpr-grid-media-wrap\" data-overlay-link=\"yes\"><div class=\"wpr-grid-image-wrap\" data-src=\"https:\/\/comunadelascalles.com.ar\/principal\/wp-content\/uploads\/2026\/03\/IMG-20260311-WA0013.jpg\" style=\"background-image: url(https:\/\/comunadelascalles.com.ar\/principal\/wp-content\/uploads\/2026\/03\/IMG-20260311-WA0013.jpg)\"><\/div><div class=\"wpr-grid-media-hover wpr-animation-wrap\"><div class=\"wpr-grid-media-hover-bg  wpr-overlay-fade-out wpr-anim-size-large wpr-anim-timing-ease-default wpr-anim-transparency\" data-url=\"https:\/\/comunadelascalles.com.ar\/principal\/tareas-de-mantenimiento-y-equipamiento-en-sala-cuna\/\"><\/div><div class=\"wpr-grid-media-hover-bottom elementor-clearfix\"><h2 class=\"wpr-grid-item-title elementor-repeater-item-0f2027e wpr-grid-item-display-block wpr-grid-item-align-left wpr-pointer-none wpr-pointer-line-fx wpr-pointer-fx-fade\"><div class=\"inner-block\"><a  target=\"_self\"  href=\"https:\/\/comunadelascalles.com.ar\/principal\/tareas-de-mantenimiento-y-equipamiento-en-sala-cuna\/\">TAREAS DE MANTENIMIENTO Y EQUIPAMIENTO EN SALA CUNA<\/a><\/div><\/h2><div class=\"wpr-grid-item-author elementor-repeater-item-ac72892 wpr-grid-item-display-inline wpr-grid-item-align-left\"><div class=\"inner-block\"><a href=\"https:\/\/comunadelascalles.com.ar\/principal\/author\/comunalascalles\/\"><span>Comunalascalles<\/span><\/a><\/div><\/div><div class=\"wpr-grid-item-separator elementor-repeater-item-92baf86 wpr-grid-item-display-inline wpr-grid-item-align-left wpr-grid-sep-style-1\"><div class=\"inner-block\"><span><\/span><\/div><\/div><\/div><\/div><\/div><\/div><\/article><article class=\"wpr-mgzn-grid-item elementor-clearfix post-4322 post type-post status-publish format-standard has-post-thumbnail hentry category-destacados category-noticias category-obras\"><div class=\"wpr-grid-item-inner\"><div class=\"wpr-grid-media-wrap\" data-overlay-link=\"yes\"><div class=\"wpr-grid-image-wrap\" data-src=\"https:\/\/comunadelascalles.com.ar\/principal\/wp-content\/uploads\/2025\/07\/WhatsApp-Image-2025-07-22-at-3.26.02-PM.jpeg\" style=\"background-image: url(https:\/\/comunadelascalles.com.ar\/principal\/wp-content\/uploads\/2025\/07\/WhatsApp-Image-2025-07-22-at-3.26.02-PM.jpeg)\"><\/div><div class=\"wpr-grid-media-hover wpr-animation-wrap\"><div class=\"wpr-grid-media-hover-bg  wpr-overlay-fade-out wpr-anim-size-large wpr-anim-timing-ease-default wpr-anim-transparency\" data-url=\"https:\/\/comunadelascalles.com.ar\/principal\/obra-de-gas-natural\/\"><\/div><div class=\"wpr-grid-media-hover-bottom elementor-clearfix\"><h2 class=\"wpr-grid-item-title elementor-repeater-item-0f2027e wpr-grid-item-display-block wpr-grid-item-align-left wpr-pointer-none wpr-pointer-line-fx wpr-pointer-fx-fade\"><div class=\"inner-block\"><a  target=\"_self\"  href=\"https:\/\/comunadelascalles.com.ar\/principal\/obra-de-gas-natural\/\">OBRA DE GAS NATURAL<\/a><\/div><\/h2><div class=\"wpr-grid-item-author elementor-repeater-item-ac72892 wpr-grid-item-display-inline wpr-grid-item-align-left\"><div class=\"inner-block\"><a href=\"https:\/\/comunadelascalles.com.ar\/principal\/author\/comunalascalles\/\"><span>Comunalascalles<\/span><\/a><\/div><\/div><div class=\"wpr-grid-item-separator elementor-repeater-item-92baf86 wpr-grid-item-display-inline wpr-grid-item-align-left wpr-grid-sep-style-1\"><div class=\"inner-block\"><span><\/span><\/div><\/div><\/div><\/div><\/div><\/div><\/article><article class=\"wpr-mgzn-grid-item elementor-clearfix post-4267 post type-post status-publish format-standard has-post-thumbnail hentry category-accion-social category-noticias\"><div class=\"wpr-grid-item-inner\"><div class=\"wpr-grid-media-wrap\" data-overlay-link=\"yes\"><div class=\"wpr-grid-image-wrap\" data-src=\"https:\/\/comunadelascalles.com.ar\/principal\/wp-content\/uploads\/2025\/02\/WhatsApp-Image-2025-02-11-at-8.19.00-PM.jpeg\" style=\"background-image: url(https:\/\/comunadelascalles.com.ar\/principal\/wp-content\/uploads\/2025\/02\/WhatsApp-Image-2025-02-11-at-8.19.00-PM.jpeg)\"><\/div><div class=\"wpr-grid-media-hover wpr-animation-wrap\"><div class=\"wpr-grid-media-hover-bg  wpr-overlay-fade-out wpr-anim-size-large wpr-anim-timing-ease-default wpr-anim-transparency\" data-url=\"https:\/\/comunadelascalles.com.ar\/principal\/firma-de-convenio-para-apertura-de-punto-mujer\/\"><\/div><div class=\"wpr-grid-media-hover-bottom elementor-clearfix\"><h2 class=\"wpr-grid-item-title elementor-repeater-item-0f2027e wpr-grid-item-display-block wpr-grid-item-align-left wpr-pointer-none wpr-pointer-line-fx wpr-pointer-fx-fade\"><div class=\"inner-block\"><a  target=\"_self\"  href=\"https:\/\/comunadelascalles.com.ar\/principal\/firma-de-convenio-para-apertura-de-punto-mujer\/\">FIRMA DE CONVENIO PARA APERTURA DE PUNTO MUJER<\/a><\/div><\/h2><div class=\"wpr-grid-item-author elementor-repeater-item-ac72892 wpr-grid-item-display-inline wpr-grid-item-align-left\"><div class=\"inner-block\"><a href=\"https:\/\/comunadelascalles.com.ar\/principal\/author\/comunalascalles\/\"><span>Comunalascalles<\/span><\/a><\/div><\/div><div class=\"wpr-grid-item-separator elementor-repeater-item-92baf86 wpr-grid-item-display-inline wpr-grid-item-align-left wpr-grid-sep-style-1\"><div class=\"inner-block\"><span><\/span><\/div><\/div><\/div><\/div><\/div><\/div><\/article><article class=\"wpr-mgzn-grid-item elementor-clearfix post-4264 post type-post status-publish format-standard has-post-thumbnail hentry category-noticias category-obras\"><div class=\"wpr-grid-item-inner\"><div class=\"wpr-grid-media-wrap\" data-overlay-link=\"yes\"><div class=\"wpr-grid-image-wrap\" data-src=\"https:\/\/comunadelascalles.com.ar\/principal\/wp-content\/uploads\/2025\/02\/WhatsApp-Image-2025-02-11-at-8.18.35-PM.jpeg\" style=\"background-image: url(https:\/\/comunadelascalles.com.ar\/principal\/wp-content\/uploads\/2025\/02\/WhatsApp-Image-2025-02-11-at-8.18.35-PM.jpeg)\"><\/div><div class=\"wpr-grid-media-hover wpr-animation-wrap\"><div class=\"wpr-grid-media-hover-bg  wpr-overlay-fade-out wpr-anim-size-large wpr-anim-timing-ease-default wpr-anim-transparency\" data-url=\"https:\/\/comunadelascalles.com.ar\/principal\/nueva-obra-hidrica-refuncionalizacion-de-la-toma-subalvea\/\"><\/div><div class=\"wpr-grid-media-hover-bottom elementor-clearfix\"><h2 class=\"wpr-grid-item-title elementor-repeater-item-0f2027e wpr-grid-item-display-block wpr-grid-item-align-left wpr-pointer-none wpr-pointer-line-fx wpr-pointer-fx-fade\"><div class=\"inner-block\"><a  target=\"_self\"  href=\"https:\/\/comunadelascalles.com.ar\/principal\/nueva-obra-hidrica-refuncionalizacion-de-la-toma-subalvea\/\">NUEVA OBRA H\u00cdDRICA &#8220;REFUNCIONALIZACI\u00d3N DE LA TOMA SUB\u00c1LVEA&#8221;<\/a><\/div><\/h2><div class=\"wpr-grid-item-author elementor-repeater-item-ac72892 wpr-grid-item-display-inline wpr-grid-item-align-left\"><div class=\"inner-block\"><a href=\"https:\/\/comunadelascalles.com.ar\/principal\/author\/comunalascalles\/\"><span>Comunalascalles<\/span><\/a><\/div><\/div><div class=\"wpr-grid-item-separator elementor-repeater-item-92baf86 wpr-grid-item-display-inline wpr-grid-item-align-left wpr-grid-sep-style-1\"><div class=\"inner-block\"><span><\/span><\/div><\/div><\/div><\/div><\/div><\/div><\/article><article class=\"wpr-mgzn-grid-item elementor-clearfix post-3351 post type-post status-publish format-standard has-post-thumbnail hentry category-destacados category-hcienda category-noticias\"><div class=\"wpr-grid-item-inner\"><div class=\"wpr-grid-media-wrap\" data-overlay-link=\"yes\"><div class=\"wpr-grid-image-wrap\" data-src=\"https:\/\/comunadelascalles.com.ar\/principal\/wp-content\/uploads\/2024\/10\/d8b7e7dc-4b4b-4d99-adf5-9e4e4de6297a.jpeg\" style=\"background-image: url(https:\/\/comunadelascalles.com.ar\/principal\/wp-content\/uploads\/2024\/10\/d8b7e7dc-4b4b-4d99-adf5-9e4e4de6297a.jpeg)\"><\/div><div class=\"wpr-grid-media-hover wpr-animation-wrap\"><div class=\"wpr-grid-media-hover-bg  wpr-overlay-fade-out wpr-anim-size-large wpr-anim-timing-ease-default wpr-anim-transparency\" data-url=\"https:\/\/comunadelascalles.com.ar\/principal\/incorporacion-de-camioneta-para-maestranza\/\"><\/div><div class=\"wpr-grid-media-hover-bottom elementor-clearfix\"><h2 class=\"wpr-grid-item-title elementor-repeater-item-0f2027e wpr-grid-item-display-block wpr-grid-item-align-left wpr-pointer-none wpr-pointer-line-fx wpr-pointer-fx-fade\"><div class=\"inner-block\"><a  target=\"_self\"  href=\"https:\/\/comunadelascalles.com.ar\/principal\/incorporacion-de-camioneta-para-maestranza\/\">INCORPORACI\u00d3N DE CAMIONETA PARA MAESTRANZA<\/a><\/div><\/h2><div class=\"wpr-grid-item-author elementor-repeater-item-ac72892 wpr-grid-item-display-inline wpr-grid-item-align-left\"><div class=\"inner-block\"><a href=\"https:\/\/comunadelascalles.com.ar\/principal\/author\/comunalascalles\/\"><span>Comunalascalles<\/span><\/a><\/div><\/div><div class=\"wpr-grid-item-separator elementor-repeater-item-92baf86 wpr-grid-item-display-inline wpr-grid-item-align-left wpr-grid-sep-style-1\"><div class=\"inner-block\"><span><\/span><\/div><\/div><\/div><\/div><\/div><\/div><\/article><\/section><\/div>\t\t\t\t<\/div>\n\t\t\t\t<\/div>\n\t\t\t\t\t<\/div>\n\t\t<\/div>\n\t\t\t\t\t<\/div>\n\t\t<\/section>\n\t\t\t\t<\/div>\n\t\t","protected":false},"excerpt":{"rendered":"<p>\u00daLTIMAS NOTICIAS LAS CALLES FUE SEDE DEL 1\u00b0 TALLER DE MANEJO SEGURO DE FAUNA SILVESTRE Comunalascalles TAREAS DE MANTENIMIENTO Y EQUIPAMIENTO EN SALA CUNA Comunalascalles OBRA DE GAS NATURAL Comunalascalles FIRMA DE CONVENIO PARA APERTURA DE PUNTO MUJER Comunalascalles NUEVA &hellip; <a href=\"https:\/\/comunadelascalles.com.ar\/principal\/incorporacion-de-camioneta-para-maestranza\/\">Continued<\/a><\/p>\n","protected":false},"author":1,"featured_media":0,"parent":0,"menu_order":0,"comment_status":"closed","ping_status":"closed","template":"essential-blocks-fullwidth-template.php","meta":{"_eb_attr":"","footnotes":""},"class_list":["post-31","page","type-page","status-publish","hentry"],"yoast_head":"<!-- This site is optimized with the Yoast SEO plugin v27.6 - https:\/\/yoast.com\/product\/yoast-seo-wordpress\/ -->\n<title>NOTICIAS - Comuna de Las Calles, Traslasierra<\/title>\n<meta name=\"robots\" content=\"index, follow, max-snippet:-1, max-image-preview:large, max-video-preview:-1\" \/>\n<link rel=\"canonical\" href=\"https:\/\/comunadelascalles.com.ar\/principal\/\" \/>\n<meta property=\"og:locale\" content=\"es_ES\" \/>\n<meta property=\"og:type\" content=\"article\" \/>\n<meta property=\"og:title\" content=\"NOTICIAS - Comuna de Las Calles, Traslasierra\" \/>\n<meta property=\"og:description\" content=\"\u00daLTIMAS NOTICIAS LAS CALLES FUE SEDE DEL 1\u00b0 TALLER DE MANEJO SEGURO DE FAUNA SILVESTRE Comunalascalles TAREAS DE MANTENIMIENTO Y EQUIPAMIENTO EN SALA CUNA Comunalascalles OBRA DE GAS NATURAL Comunalascalles FIRMA DE CONVENIO PARA APERTURA DE PUNTO MUJER Comunalascalles NUEVA &hellip; Continued\" \/>\n<meta property=\"og:url\" content=\"https:\/\/comunadelascalles.com.ar\/principal\/\" \/>\n<meta property=\"og:site_name\" content=\"Comuna de Las Calles, Traslasierra\" \/>\n<meta property=\"article:modified_time\" content=\"2026-04-01T15:49:31+00:00\" \/>\n<meta name=\"twitter:card\" content=\"summary_large_image\" \/>\n<meta name=\"twitter:label1\" content=\"Tiempo de lectura\" \/>\n\t<meta name=\"twitter:data1\" content=\"1 minuto\" \/>\n<script type=\"application\/ld+json\" class=\"yoast-schema-graph\">{\"@context\":\"https:\\\/\\\/schema.org\",\"@graph\":[{\"@type\":\"WebPage\",\"@id\":\"https:\\\/\\\/comunadelascalles.com.ar\\\/principal\\\/\",\"url\":\"https:\\\/\\\/comunadelascalles.com.ar\\\/principal\\\/\",\"name\":\"NOTICIAS - Comuna de Las Calles, Traslasierra\",\"isPartOf\":{\"@id\":\"https:\\\/\\\/comunadelascalles.com.ar\\\/principal\\\/#website\"},\"datePublished\":\"2022-11-15T12:20:59+00:00\",\"dateModified\":\"2026-04-01T15:49:31+00:00\",\"breadcrumb\":{\"@id\":\"https:\\\/\\\/comunadelascalles.com.ar\\\/principal\\\/#breadcrumb\"},\"inLanguage\":\"es-AR\",\"potentialAction\":[{\"@type\":\"ReadAction\",\"target\":[\"https:\\\/\\\/comunadelascalles.com.ar\\\/principal\\\/\"]}]},{\"@type\":\"BreadcrumbList\",\"@id\":\"https:\\\/\\\/comunadelascalles.com.ar\\\/principal\\\/#breadcrumb\",\"itemListElement\":[{\"@type\":\"ListItem\",\"position\":1,\"name\":\"Inicio\",\"item\":\"https:\\\/\\\/comunadelascalles.com.ar\\\/principal\\\/\"},{\"@type\":\"ListItem\",\"position\":2,\"name\":\"NOTICIAS\"}]},{\"@type\":\"WebSite\",\"@id\":\"https:\\\/\\\/comunadelascalles.com.ar\\\/principal\\\/#website\",\"url\":\"https:\\\/\\\/comunadelascalles.com.ar\\\/principal\\\/\",\"name\":\"Comuna de Las Calles, Traslasierra\",\"description\":\"Las Calles, descubr\u00ed el para\u00edso\",\"potentialAction\":[{\"@type\":\"SearchAction\",\"target\":{\"@type\":\"EntryPoint\",\"urlTemplate\":\"https:\\\/\\\/comunadelascalles.com.ar\\\/principal\\\/?s={search_term_string}\"},\"query-input\":{\"@type\":\"PropertyValueSpecification\",\"valueRequired\":true,\"valueName\":\"search_term_string\"}}],\"inLanguage\":\"es-AR\"}]}<\/script>\n<!-- \/ Yoast SEO plugin. -->","yoast_head_json":{"title":"NOTICIAS - Comuna de Las Calles, Traslasierra","robots":{"index":"index","follow":"follow","max-snippet":"max-snippet:-1","max-image-preview":"max-image-preview:large","max-video-preview":"max-video-preview:-1"},"canonical":"https:\/\/comunadelascalles.com.ar\/principal\/","og_locale":"es_ES","og_type":"article","og_title":"NOTICIAS - Comuna de Las Calles, Traslasierra","og_description":"\u00daLTIMAS NOTICIAS LAS CALLES FUE SEDE DEL 1\u00b0 TALLER DE MANEJO SEGURO DE FAUNA SILVESTRE Comunalascalles TAREAS DE MANTENIMIENTO Y EQUIPAMIENTO EN SALA CUNA Comunalascalles OBRA DE GAS NATURAL Comunalascalles FIRMA DE CONVENIO PARA APERTURA DE PUNTO MUJER Comunalascalles NUEVA &hellip; Continued","og_url":"https:\/\/comunadelascalles.com.ar\/principal\/","og_site_name":"Comuna de Las Calles, Traslasierra","article_modified_time":"2026-04-01T15:49:31+00:00","twitter_card":"summary_large_image","twitter_misc":{"Tiempo de lectura":"1 minuto"},"schema":{"@context":"https:\/\/schema.org","@graph":[{"@type":"WebPage","@id":"https:\/\/comunadelascalles.com.ar\/principal\/","url":"https:\/\/comunadelascalles.com.ar\/principal\/","name":"NOTICIAS - Comuna de Las Calles, Traslasierra","isPartOf":{"@id":"https:\/\/comunadelascalles.com.ar\/principal\/#website"},"datePublished":"2022-11-15T12:20:59+00:00","dateModified":"2026-04-01T15:49:31+00:00","breadcrumb":{"@id":"https:\/\/comunadelascalles.com.ar\/principal\/#breadcrumb"},"inLanguage":"es-AR","potentialAction":[{"@type":"ReadAction","target":["https:\/\/comunadelascalles.com.ar\/principal\/"]}]},{"@type":"BreadcrumbList","@id":"https:\/\/comunadelascalles.com.ar\/principal\/#breadcrumb","itemListElement":[{"@type":"ListItem","position":1,"name":"Inicio","item":"https:\/\/comunadelascalles.com.ar\/principal\/"},{"@type":"ListItem","position":2,"name":"NOTICIAS"}]},{"@type":"WebSite","@id":"https:\/\/comunadelascalles.com.ar\/principal\/#website","url":"https:\/\/comunadelascalles.com.ar\/principal\/","name":"Comuna de Las Calles, Traslasierra","description":"Las Calles, descubr\u00ed el para\u00edso","potentialAction":[{"@type":"SearchAction","target":{"@type":"EntryPoint","urlTemplate":"https:\/\/comunadelascalles.com.ar\/principal\/?s={search_term_string}"},"query-input":{"@type":"PropertyValueSpecification","valueRequired":true,"valueName":"search_term_string"}}],"inLanguage":"es-AR"}]}},"_links":{"self":[{"href":"https:\/\/comunadelascalles.com.ar\/principal\/wp-json\/wp\/v2\/pages\/31","targetHints":{"allow":["GET"]}}],"collection":[{"href":"https:\/\/comunadelascalles.com.ar\/principal\/wp-json\/wp\/v2\/pages"}],"about":[{"href":"https:\/\/comunadelascalles.com.ar\/principal\/wp-json\/wp\/v2\/types\/page"}],"author":[{"embeddable":true,"href":"https:\/\/comunadelascalles.com.ar\/principal\/wp-json\/wp\/v2\/users\/1"}],"replies":[{"embeddable":true,"href":"https:\/\/comunadelascalles.com.ar\/principal\/wp-json\/wp\/v2\/comments?post=31"}],"version-history":[{"count":40,"href":"https:\/\/comunadelascalles.com.ar\/principal\/wp-json\/wp\/v2\/pages\/31\/revisions"}],"predecessor-version":[{"id":4650,"href":"https:\/\/comunadelascalles.com.ar\/principal\/wp-json\/wp\/v2\/pages\/31\/revisions\/4650"}],"wp:attachment":[{"href":"https:\/\/comunadelascalles.com.ar\/principal\/wp-json\/wp\/v2\/media?parent=31"}],"curies":[{"name":"wp","href":"https:\/\/api.w.org\/{rel}","templated":true}]}}