{"id":23,"date":"2022-11-15T09:18:34","date_gmt":"2022-11-15T12:18:34","guid":{"rendered":"https:\/\/comunadelascalles.com.ar\/principal\/?page_id=23"},"modified":"2024-10-17T18:48:46","modified_gmt":"2024-10-17T21:48:46","slug":"accion-social","status":"publish","type":"page","link":"https:\/\/comunadelascalles.com.ar\/principal\/accion-social\/","title":{"rendered":"ACCI\u00d3N SOCIAL"},"content":{"rendered":"\t\t<div data-elementor-type=\"wp-page\" data-elementor-id=\"23\" class=\"elementor elementor-23\" data-elementor-post-type=\"page\">\n\t\t\t\t\t\t<section class=\"elementor-section elementor-top-section elementor-element elementor-element-9bf2a71 elementor-section-boxed elementor-section-height-default elementor-section-height-default wpr-particle-no wpr-jarallax-no wpr-parallax-no wpr-sticky-section-no wpr-equal-height-no\" data-id=\"9bf2a71\" data-element_type=\"section\" data-e-type=\"section\">\n\t\t\t\t\t\t<div class=\"elementor-container elementor-column-gap-default\">\n\t\t\t\t\t<div class=\"elementor-column elementor-col-50 elementor-top-column elementor-element elementor-element-bfe2e50\" data-id=\"bfe2e50\" data-element_type=\"column\" data-e-type=\"column\">\n\t\t\t<div class=\"elementor-widget-wrap elementor-element-populated\">\n\t\t\t\t\t\t<div class=\"elementor-element elementor-element-363150f elementor-widget elementor-widget-text-editor\" data-id=\"363150f\" data-element_type=\"widget\" data-e-type=\"widget\" data-widget_type=\"text-editor.default\">\n\t\t\t\t<div class=\"elementor-widget-container\">\n\t\t\t\t\t\t\t\t\t<p><span style=\"font-weight: 400;\">El \u00e1rea local de<strong> Acci\u00f3n Social, Mujer, Ni\u00f1ez, Adolescencia y Familia<\/strong> trabaja para que todos los habitantes de Las Calles tengan las mismas oportunidades de crecer y mejorar su calidad de vida, garantizando el cumplimiento efectivo de los derechos de las mujeres, ni\u00f1as, adolescentes y familias.<\/span><\/p>\t\t\t\t\t\t\t\t<\/div>\n\t\t\t\t<\/div>\n\t\t\t\t\t<\/div>\n\t\t<\/div>\n\t\t\t\t<div class=\"elementor-column elementor-col-50 elementor-top-column elementor-element elementor-element-c80e43c\" data-id=\"c80e43c\" data-element_type=\"column\" data-e-type=\"column\">\n\t\t\t<div class=\"elementor-widget-wrap elementor-element-populated\">\n\t\t\t\t\t\t<div class=\"elementor-element elementor-element-dc0e87f elementor-widget elementor-widget-text-editor\" data-id=\"dc0e87f\" data-element_type=\"widget\" data-e-type=\"widget\" data-widget_type=\"text-editor.default\">\n\t\t\t\t<div class=\"elementor-widget-container\">\n\t\t\t\t\t\t\t\t\t<h3><span style=\"font-weight: 400;\"><em>\u00a0Funciones principales<\/em>:<\/span><\/h3><p><span style=\"font-weight: 400;\"><strong>-Promueve y protege los derechos de los ni\u00f1os, ni\u00f1as y adolescentes.<\/strong><\/span><\/p><p><strong>-Promueve y protege contra la violencia familiar.<\/strong><\/p><p><strong>-Promueve la igualdad y equidad de g\u00e9nero.<\/strong><\/p><p><strong>-Lucha contra la violencia hacia la mujer.<\/strong><\/p>\t\t\t\t\t\t\t\t<\/div>\n\t\t\t\t<\/div>\n\t\t\t\t\t<\/div>\n\t\t<\/div>\n\t\t\t\t\t<\/div>\n\t\t<\/section>\n\t\t\t\t<section class=\"elementor-section elementor-top-section elementor-element elementor-element-d005195 elementor-section-boxed elementor-section-height-default elementor-section-height-default wpr-particle-no wpr-jarallax-no wpr-parallax-no wpr-sticky-section-no wpr-equal-height-no\" data-id=\"d005195\" data-element_type=\"section\" data-e-type=\"section\">\n\t\t\t\t\t\t<div class=\"elementor-container elementor-column-gap-default\">\n\t\t\t\t\t<div class=\"elementor-column elementor-col-100 elementor-top-column elementor-element elementor-element-4a401a0\" data-id=\"4a401a0\" data-element_type=\"column\" data-e-type=\"column\">\n\t\t\t<div class=\"elementor-widget-wrap elementor-element-populated\">\n\t\t\t\t\t\t<div class=\"elementor-element elementor-element-2220ae9 elementor-grid-eael-col-4 elementor-grid-tablet-eael-col-2 elementor-grid-mobile-eael-col-1 elementor-widget elementor-widget-eael-post-grid\" data-id=\"2220ae9\" data-element_type=\"widget\" data-e-type=\"widget\" data-settings=\"{&quot;eael_post_grid_columns&quot;:&quot;eael-col-4&quot;,&quot;eael_post_grid_columns_tablet&quot;:&quot;eael-col-2&quot;,&quot;eael_post_grid_columns_mobile&quot;:&quot;eael-col-1&quot;}\" data-widget_type=\"eael-post-grid.default\">\n\t\t\t\t<div class=\"elementor-widget-container\">\n\t\t\t\t\t<div id=\"eael-post-grid-2220ae9\" class=\"eael-post-grid-container\">\n            <div class=\"eael-post-grid eael-post-appender eael-post-appender-2220ae9 eael-post-grid-style-one\" data-layout-mode=\"masonry\"><article class=\"eael-grid-post  eael-post-grid-column eael-pg-post-4267 category-accion-social-noticias\" data-id=\"4267\">\n        <div class=\"eael-grid-post-holder\">\n            <div class=\"eael-grid-post-holder-inner\"><div class=\"eael-entry-media\"><div class=\"eael-entry-overlay fade-in\"><i class=\"fas fa-long-arrow-alt-right\" aria-hidden=\"true\"><\/i><a href=\"https:\/\/comunadelascalles.com.ar\/principal\/firma-de-convenio-para-apertura-de-punto-mujer\/\"><\/a><\/div><div class=\"eael-entry-thumbnail \">\n                <img fetchpriority=\"high\" decoding=\"async\" width=\"300\" height=\"225\" src=\"https:\/\/comunadelascalles.com.ar\/principal\/wp-content\/uploads\/2025\/02\/WhatsApp-Image-2025-02-11-at-8.19.00-PM-300x225.jpeg\" class=\"attachment-medium size-medium wp-image-4268\" alt=\"\" srcset=\"https:\/\/comunadelascalles.com.ar\/principal\/wp-content\/uploads\/2025\/02\/WhatsApp-Image-2025-02-11-at-8.19.00-PM-300x225.jpeg 300w, https:\/\/comunadelascalles.com.ar\/principal\/wp-content\/uploads\/2025\/02\/WhatsApp-Image-2025-02-11-at-8.19.00-PM-1024x768.jpeg 1024w, https:\/\/comunadelascalles.com.ar\/principal\/wp-content\/uploads\/2025\/02\/WhatsApp-Image-2025-02-11-at-8.19.00-PM-768x576.jpeg 768w, https:\/\/comunadelascalles.com.ar\/principal\/wp-content\/uploads\/2025\/02\/WhatsApp-Image-2025-02-11-at-8.19.00-PM.jpeg 1280w\" sizes=\"(max-width: 300px) 100vw, 300px\" \/>\n            <\/div>\n        <\/div><div class=\"eael-entry-wrapper\"><header class=\"eael-entry-header\"><h2 class=\"eael-entry-title\"><a class=\"eael-grid-post-link\" href=\"https:\/\/comunadelascalles.com.ar\/principal\/firma-de-convenio-para-apertura-de-punto-mujer\/\" title=\"FIRMA DE CONVENIO PARA APERTURA DE PUNTO MUJER\">FIRMA DE CONVENIO PARA APERTURA DE PUNTO MUJER<\/a><\/h2><\/header><div class=\"eael-entry-content\">\n                        <div class=\"eael-grid-post-excerpt\"><p>La Presidenta Comunal Camila Ram\u00edrez firm\u00f3 un convenio con la...<\/p><a href=\"https:\/\/comunadelascalles.com.ar\/principal\/firma-de-convenio-para-apertura-de-punto-mujer\/\" class=\"eael-post-elements-readmore-btn\">Leer mas<\/a><\/div>\n                    <\/div><div class=\"eael-entry-footer\"><div class=\"eael-entry-meta\"><span class=\"eael-posted-by\"><a href=\"https:\/\/comunadelascalles.com.ar\/principal\/author\/comunalascalles\/\" title=\"Posts by Comunalascalles\" rel=\"author\">Comunalascalles<\/a><\/span><\/div><\/div><\/div><\/div>\n        <\/div>\n    <\/article><article class=\"eael-grid-post  eael-post-grid-column eael-pg-post-3402 category-accion-social-sin-categoria\" data-id=\"3402\">\n        <div class=\"eael-grid-post-holder\">\n            <div class=\"eael-grid-post-holder-inner\"><div class=\"eael-entry-media\"><div class=\"eael-entry-overlay fade-in\"><i class=\"fas fa-long-arrow-alt-right\" aria-hidden=\"true\"><\/i><a href=\"https:\/\/comunadelascalles.com.ar\/principal\/firma-de-convenio-para-la-adhesion-a-la-plataforma-cidi\/\"><\/a><\/div><div class=\"eael-entry-thumbnail \">\n                <img decoding=\"async\" width=\"240\" height=\"300\" src=\"https:\/\/comunadelascalles.com.ar\/principal\/wp-content\/uploads\/2024\/10\/WhatsApp-Image-2024-10-15-at-4.41.19-PM-1-240x300.jpeg\" class=\"attachment-medium size-medium wp-image-3403\" alt=\"\" srcset=\"https:\/\/comunadelascalles.com.ar\/principal\/wp-content\/uploads\/2024\/10\/WhatsApp-Image-2024-10-15-at-4.41.19-PM-1-240x300.jpeg 240w, https:\/\/comunadelascalles.com.ar\/principal\/wp-content\/uploads\/2024\/10\/WhatsApp-Image-2024-10-15-at-4.41.19-PM-1.jpeg 717w\" sizes=\"(max-width: 240px) 100vw, 240px\" \/>\n            <\/div>\n        <\/div><div class=\"eael-entry-wrapper\"><header class=\"eael-entry-header\"><h2 class=\"eael-entry-title\"><a class=\"eael-grid-post-link\" href=\"https:\/\/comunadelascalles.com.ar\/principal\/firma-de-convenio-para-la-adhesion-a-la-plataforma-cidi\/\" title=\"FIRMA DE CONVENIO PARA LA ADHESI\u00d3N A LA PLATAFORMA CIDI\">FIRMA DE CONVENIO PARA LA ADHESI\u00d3N A LA PLATAFORMA CIDI<\/a><\/h2><\/header><div class=\"eael-entry-content\">\n                        <div class=\"eael-grid-post-excerpt\"><p>En la jornada de ayer, la Presidenta Comunal, Camila Ram\u00edrez,...<\/p><a href=\"https:\/\/comunadelascalles.com.ar\/principal\/firma-de-convenio-para-la-adhesion-a-la-plataforma-cidi\/\" class=\"eael-post-elements-readmore-btn\">Leer mas<\/a><\/div>\n                    <\/div><div class=\"eael-entry-footer\"><div class=\"eael-entry-meta\"><span class=\"eael-posted-by\"><a href=\"https:\/\/comunadelascalles.com.ar\/principal\/author\/comunalascalles\/\" title=\"Posts by Comunalascalles\" rel=\"author\">Comunalascalles<\/a><\/span><\/div><\/div><\/div><\/div>\n        <\/div>\n    <\/article><article class=\"eael-grid-post  eael-post-grid-column eael-pg-post-2944 category-accion-social-noticias-sin-categoria\" data-id=\"2944\">\n        <div class=\"eael-grid-post-holder\">\n            <div class=\"eael-grid-post-holder-inner\"><div class=\"eael-entry-media\"><div class=\"eael-entry-overlay fade-in\"><i class=\"fas fa-long-arrow-alt-right\" aria-hidden=\"true\"><\/i><a href=\"https:\/\/comunadelascalles.com.ar\/principal\/2944-2\/\"><\/a><\/div><div class=\"eael-entry-thumbnail \">\n                <img decoding=\"async\" width=\"212\" height=\"300\" src=\"https:\/\/comunadelascalles.com.ar\/principal\/wp-content\/uploads\/2024\/05\/SEMANA-3-212x300.png\" class=\"attachment-medium size-medium wp-image-2945\" alt=\"\" srcset=\"https:\/\/comunadelascalles.com.ar\/principal\/wp-content\/uploads\/2024\/05\/SEMANA-3-212x300.png 212w, https:\/\/comunadelascalles.com.ar\/principal\/wp-content\/uploads\/2024\/05\/SEMANA-3-724x1024.png 724w, https:\/\/comunadelascalles.com.ar\/principal\/wp-content\/uploads\/2024\/05\/SEMANA-3-768x1086.png 768w, https:\/\/comunadelascalles.com.ar\/principal\/wp-content\/uploads\/2024\/05\/SEMANA-3-1086x1536.png 1086w, https:\/\/comunadelascalles.com.ar\/principal\/wp-content\/uploads\/2024\/05\/SEMANA-3.png 1414w\" sizes=\"(max-width: 212px) 100vw, 212px\" \/>\n            <\/div>\n        <\/div><div class=\"eael-entry-wrapper\"><header class=\"eael-entry-header\"><h2 class=\"eael-entry-title\"><a class=\"eael-grid-post-link\" href=\"https:\/\/comunadelascalles.com.ar\/principal\/2944-2\/\" title=\"NUEVO ESPACIO EN TRABAJO SOCIAL\">NUEVO ESPACIO EN TRABAJO SOCIAL<\/a><\/h2><\/header><div class=\"eael-entry-content\">\n                        <div class=\"eael-grid-post-excerpt\"><p><\/p><a href=\"https:\/\/comunadelascalles.com.ar\/principal\/2944-2\/\" class=\"eael-post-elements-readmore-btn\">Leer mas<\/a><\/div>\n                    <\/div><div class=\"eael-entry-footer\"><div class=\"eael-entry-meta\"><span class=\"eael-posted-by\"><a href=\"https:\/\/comunadelascalles.com.ar\/principal\/author\/comunalascalles\/\" title=\"Posts by Comunalascalles\" rel=\"author\">Comunalascalles<\/a><\/span><\/div><\/div><\/div><\/div>\n        <\/div>\n    <\/article><article class=\"eael-grid-post  eael-post-grid-column eael-pg-post-1884 category-accion-social\" data-id=\"1884\">\n        <div class=\"eael-grid-post-holder\">\n            <div class=\"eael-grid-post-holder-inner\"><div class=\"eael-entry-media\"><div class=\"eael-entry-overlay fade-in\"><i class=\"fas fa-long-arrow-alt-right\" aria-hidden=\"true\"><\/i><a href=\"https:\/\/comunadelascalles.com.ar\/principal\/derechos-de-ninos-ninas-y-adolescentes\/\"><\/a><\/div><div class=\"eael-entry-thumbnail \">\n                <img loading=\"lazy\" decoding=\"async\" width=\"300\" height=\"240\" src=\"https:\/\/comunadelascalles.com.ar\/principal\/wp-content\/uploads\/2022\/12\/derechos-de-los-ninos-y-las-ninas-300x240.png\" class=\"attachment-medium size-medium wp-image-1885\" alt=\"\" srcset=\"https:\/\/comunadelascalles.com.ar\/principal\/wp-content\/uploads\/2022\/12\/derechos-de-los-ninos-y-las-ninas-300x240.png 300w, https:\/\/comunadelascalles.com.ar\/principal\/wp-content\/uploads\/2022\/12\/derechos-de-los-ninos-y-las-ninas.png 620w\" sizes=\"(max-width: 300px) 100vw, 300px\" \/>\n            <\/div>\n        <\/div><div class=\"eael-entry-wrapper\"><header class=\"eael-entry-header\"><h2 class=\"eael-entry-title\"><a class=\"eael-grid-post-link\" href=\"https:\/\/comunadelascalles.com.ar\/principal\/derechos-de-ninos-ninas-y-adolescentes\/\" title=\"Derechos de ni\u00f1os, ni\u00f1as y adolescentes\">Derechos de ni\u00f1os, ni\u00f1as y adolescentes<\/a><\/h2><\/header><div class=\"eael-entry-content\">\n                        <div class=\"eael-grid-post-excerpt\"><p>Derechos de ni\u00f1os, ni\u00f1as y adolescentes Los ni\u00f1os, ni\u00f1as y...<\/p><a href=\"https:\/\/comunadelascalles.com.ar\/principal\/derechos-de-ninos-ninas-y-adolescentes\/\" class=\"eael-post-elements-readmore-btn\">Leer mas<\/a><\/div>\n                    <\/div><div class=\"eael-entry-footer\"><div class=\"eael-entry-meta\"><span class=\"eael-posted-by\"><a href=\"https:\/\/comunadelascalles.com.ar\/principal\/author\/comunalascalles\/\" title=\"Posts by Comunalascalles\" rel=\"author\">Comunalascalles<\/a><\/span><\/div><\/div><\/div><\/div>\n        <\/div>\n    <\/article><\/div>\n            <div class=\"clearfix\"><\/div>\n        <\/div>            <div class=\"eael-load-more-button-wrap eael-force-hide\">\n                <button class=\"eael-load-more-button\" id=\"eael-load-more-btn-2220ae9\" data-widget-id=\"2220ae9\" data-widget=\"2220ae9\" data-page-id=\"23\" data-template=\"{&quot;dir&quot;:&quot;lite&quot;,&quot;file_name&quot;:&quot;one.php&quot;,&quot;name&quot;:&quot;Post-Grid&quot;}\" data-class=\"Essential_Addons_Elementor\\Elements\\Post_Grid\" data-layout=\"masonry\" data-page=\"1\" data-args=\"orderby=date&amp;order=desc&amp;ignore_sticky_posts=1&amp;post_status=publish&amp;posts_per_page=4&amp;offset=0&amp;post_type=post&amp;tax_query%5B0%5D%5Btaxonomy%5D=category&amp;tax_query%5B0%5D%5Bfield%5D=term_id&amp;tax_query%5B0%5D%5Bterms%5D%5B0%5D=6&amp;tax_query%5Brelation%5D=AND\" data-max-page=\"2\">\n                    <span class=\"eael-btn-loader button__loader\"><\/span>\n                    <span class=\"eael_load_more_text\">Load More<\/span>\n                <\/button>\n            <\/div>\n            \t\t\t\t<\/div>\n\t\t\t\t<\/div>\n\t\t\t\t\t<\/div>\n\t\t<\/div>\n\t\t\t\t\t<\/div>\n\t\t<\/section>\n\t\t\t\t<\/div>\n\t\t","protected":false},"excerpt":{"rendered":"<p>El \u00e1rea local de Acci\u00f3n Social, Mujer, Ni\u00f1ez, Adolescencia y Familia trabaja para que todos los habitantes de Las Calles tengan las mismas oportunidades de crecer y mejorar su calidad de vida, garantizando el cumplimiento efectivo de los derechos de &hellip; <a href=\"https:\/\/comunadelascalles.com.ar\/principal\/derechos-de-ninos-ninas-y-adolescentes\/\">Continued<\/a><\/p>\n","protected":false},"author":1,"featured_media":0,"parent":0,"menu_order":0,"comment_status":"closed","ping_status":"closed","template":"essential-blocks-fullwidth-template.php","meta":{"_eb_attr":"","footnotes":""},"class_list":["post-23","page","type-page","status-publish","hentry"],"yoast_head":"<!-- This site is optimized with the Yoast SEO plugin v27.4 - https:\/\/yoast.com\/product\/yoast-seo-wordpress\/ -->\n<title>ACCI\u00d3N SOCIAL - Comuna de Las Calles, Traslasierra<\/title>\n<meta name=\"robots\" content=\"index, follow, max-snippet:-1, max-image-preview:large, max-video-preview:-1\" \/>\n<link rel=\"canonical\" href=\"https:\/\/comunadelascalles.com.ar\/principal\/accion-social\/\" \/>\n<meta property=\"og:locale\" content=\"es_ES\" \/>\n<meta property=\"og:type\" content=\"article\" \/>\n<meta property=\"og:title\" content=\"ACCI\u00d3N SOCIAL - Comuna de Las Calles, Traslasierra\" \/>\n<meta property=\"og:description\" content=\"El \u00e1rea local de Acci\u00f3n Social, Mujer, Ni\u00f1ez, Adolescencia y Familia trabaja para que todos los habitantes de Las Calles tengan las mismas oportunidades de crecer y mejorar su calidad de vida, garantizando el cumplimiento efectivo de los derechos de &hellip; Continued\" \/>\n<meta property=\"og:url\" content=\"https:\/\/comunadelascalles.com.ar\/principal\/accion-social\/\" \/>\n<meta property=\"og:site_name\" content=\"Comuna de Las Calles, Traslasierra\" \/>\n<meta property=\"article:modified_time\" content=\"2024-10-17T21:48:46+00:00\" \/>\n<meta property=\"og:image\" content=\"https:\/\/comunadelascalles.com.ar\/principal\/wp-content\/uploads\/2024\/10\/WhatsApp-Image-2024-10-15-at-4.41.19-PM-1.jpeg\" \/>\n\t<meta property=\"og:image:width\" content=\"717\" \/>\n\t<meta property=\"og:image:height\" content=\"896\" \/>\n\t<meta property=\"og:image:type\" content=\"image\/jpeg\" \/>\n<meta name=\"twitter:card\" content=\"summary_large_image\" \/>\n<meta name=\"twitter:label1\" content=\"Tiempo de lectura\" \/>\n\t<meta name=\"twitter:data1\" content=\"2 minutos\" \/>\n<script type=\"application\/ld+json\" class=\"yoast-schema-graph\">{\"@context\":\"https:\\\/\\\/schema.org\",\"@graph\":[{\"@type\":\"WebPage\",\"@id\":\"https:\\\/\\\/comunadelascalles.com.ar\\\/principal\\\/accion-social\\\/\",\"url\":\"https:\\\/\\\/comunadelascalles.com.ar\\\/principal\\\/accion-social\\\/\",\"name\":\"ACCI\u00d3N SOCIAL - Comuna de Las Calles, Traslasierra\",\"isPartOf\":{\"@id\":\"https:\\\/\\\/comunadelascalles.com.ar\\\/principal\\\/#website\"},\"primaryImageOfPage\":{\"@id\":\"https:\\\/\\\/comunadelascalles.com.ar\\\/principal\\\/accion-social\\\/#primaryimage\"},\"image\":{\"@id\":\"https:\\\/\\\/comunadelascalles.com.ar\\\/principal\\\/accion-social\\\/#primaryimage\"},\"thumbnailUrl\":\"https:\\\/\\\/comunadelascalles.com.ar\\\/principal\\\/wp-content\\\/uploads\\\/2024\\\/10\\\/WhatsApp-Image-2024-10-15-at-4.41.19-PM-1-240x300.jpeg\",\"datePublished\":\"2022-11-15T12:18:34+00:00\",\"dateModified\":\"2024-10-17T21:48:46+00:00\",\"breadcrumb\":{\"@id\":\"https:\\\/\\\/comunadelascalles.com.ar\\\/principal\\\/accion-social\\\/#breadcrumb\"},\"inLanguage\":\"es-AR\",\"potentialAction\":[{\"@type\":\"ReadAction\",\"target\":[\"https:\\\/\\\/comunadelascalles.com.ar\\\/principal\\\/accion-social\\\/\"]}]},{\"@type\":\"ImageObject\",\"inLanguage\":\"es-AR\",\"@id\":\"https:\\\/\\\/comunadelascalles.com.ar\\\/principal\\\/accion-social\\\/#primaryimage\",\"url\":\"https:\\\/\\\/comunadelascalles.com.ar\\\/principal\\\/wp-content\\\/uploads\\\/2024\\\/10\\\/WhatsApp-Image-2024-10-15-at-4.41.19-PM-1.jpeg\",\"contentUrl\":\"https:\\\/\\\/comunadelascalles.com.ar\\\/principal\\\/wp-content\\\/uploads\\\/2024\\\/10\\\/WhatsApp-Image-2024-10-15-at-4.41.19-PM-1.jpeg\",\"width\":717,\"height\":896},{\"@type\":\"BreadcrumbList\",\"@id\":\"https:\\\/\\\/comunadelascalles.com.ar\\\/principal\\\/accion-social\\\/#breadcrumb\",\"itemListElement\":[{\"@type\":\"ListItem\",\"position\":1,\"name\":\"Inicio\",\"item\":\"https:\\\/\\\/comunadelascalles.com.ar\\\/principal\\\/\"},{\"@type\":\"ListItem\",\"position\":2,\"name\":\"ACCI\u00d3N SOCIAL\"}]},{\"@type\":\"WebSite\",\"@id\":\"https:\\\/\\\/comunadelascalles.com.ar\\\/principal\\\/#website\",\"url\":\"https:\\\/\\\/comunadelascalles.com.ar\\\/principal\\\/\",\"name\":\"Comuna de Las Calles, Traslasierra\",\"description\":\"Las Calles, descubr\u00ed el para\u00edso\",\"potentialAction\":[{\"@type\":\"SearchAction\",\"target\":{\"@type\":\"EntryPoint\",\"urlTemplate\":\"https:\\\/\\\/comunadelascalles.com.ar\\\/principal\\\/?s={search_term_string}\"},\"query-input\":{\"@type\":\"PropertyValueSpecification\",\"valueRequired\":true,\"valueName\":\"search_term_string\"}}],\"inLanguage\":\"es-AR\"}]}<\/script>\n<!-- \/ Yoast SEO plugin. -->","yoast_head_json":{"title":"ACCI\u00d3N SOCIAL - Comuna de Las Calles, Traslasierra","robots":{"index":"index","follow":"follow","max-snippet":"max-snippet:-1","max-image-preview":"max-image-preview:large","max-video-preview":"max-video-preview:-1"},"canonical":"https:\/\/comunadelascalles.com.ar\/principal\/accion-social\/","og_locale":"es_ES","og_type":"article","og_title":"ACCI\u00d3N SOCIAL - Comuna de Las Calles, Traslasierra","og_description":"El \u00e1rea local de Acci\u00f3n Social, Mujer, Ni\u00f1ez, Adolescencia y Familia trabaja para que todos los habitantes de Las Calles tengan las mismas oportunidades de crecer y mejorar su calidad de vida, garantizando el cumplimiento efectivo de los derechos de &hellip; Continued","og_url":"https:\/\/comunadelascalles.com.ar\/principal\/accion-social\/","og_site_name":"Comuna de Las Calles, Traslasierra","article_modified_time":"2024-10-17T21:48:46+00:00","og_image":[{"width":717,"height":896,"url":"https:\/\/comunadelascalles.com.ar\/principal\/wp-content\/uploads\/2024\/10\/WhatsApp-Image-2024-10-15-at-4.41.19-PM-1.jpeg","type":"image\/jpeg"}],"twitter_card":"summary_large_image","twitter_misc":{"Tiempo de lectura":"2 minutos"},"schema":{"@context":"https:\/\/schema.org","@graph":[{"@type":"WebPage","@id":"https:\/\/comunadelascalles.com.ar\/principal\/accion-social\/","url":"https:\/\/comunadelascalles.com.ar\/principal\/accion-social\/","name":"ACCI\u00d3N SOCIAL - Comuna de Las Calles, Traslasierra","isPartOf":{"@id":"https:\/\/comunadelascalles.com.ar\/principal\/#website"},"primaryImageOfPage":{"@id":"https:\/\/comunadelascalles.com.ar\/principal\/accion-social\/#primaryimage"},"image":{"@id":"https:\/\/comunadelascalles.com.ar\/principal\/accion-social\/#primaryimage"},"thumbnailUrl":"https:\/\/comunadelascalles.com.ar\/principal\/wp-content\/uploads\/2024\/10\/WhatsApp-Image-2024-10-15-at-4.41.19-PM-1-240x300.jpeg","datePublished":"2022-11-15T12:18:34+00:00","dateModified":"2024-10-17T21:48:46+00:00","breadcrumb":{"@id":"https:\/\/comunadelascalles.com.ar\/principal\/accion-social\/#breadcrumb"},"inLanguage":"es-AR","potentialAction":[{"@type":"ReadAction","target":["https:\/\/comunadelascalles.com.ar\/principal\/accion-social\/"]}]},{"@type":"ImageObject","inLanguage":"es-AR","@id":"https:\/\/comunadelascalles.com.ar\/principal\/accion-social\/#primaryimage","url":"https:\/\/comunadelascalles.com.ar\/principal\/wp-content\/uploads\/2024\/10\/WhatsApp-Image-2024-10-15-at-4.41.19-PM-1.jpeg","contentUrl":"https:\/\/comunadelascalles.com.ar\/principal\/wp-content\/uploads\/2024\/10\/WhatsApp-Image-2024-10-15-at-4.41.19-PM-1.jpeg","width":717,"height":896},{"@type":"BreadcrumbList","@id":"https:\/\/comunadelascalles.com.ar\/principal\/accion-social\/#breadcrumb","itemListElement":[{"@type":"ListItem","position":1,"name":"Inicio","item":"https:\/\/comunadelascalles.com.ar\/principal\/"},{"@type":"ListItem","position":2,"name":"ACCI\u00d3N SOCIAL"}]},{"@type":"WebSite","@id":"https:\/\/comunadelascalles.com.ar\/principal\/#website","url":"https:\/\/comunadelascalles.com.ar\/principal\/","name":"Comuna de Las Calles, Traslasierra","description":"Las Calles, descubr\u00ed el para\u00edso","potentialAction":[{"@type":"SearchAction","target":{"@type":"EntryPoint","urlTemplate":"https:\/\/comunadelascalles.com.ar\/principal\/?s={search_term_string}"},"query-input":{"@type":"PropertyValueSpecification","valueRequired":true,"valueName":"search_term_string"}}],"inLanguage":"es-AR"}]}},"_links":{"self":[{"href":"https:\/\/comunadelascalles.com.ar\/principal\/wp-json\/wp\/v2\/pages\/23","targetHints":{"allow":["GET"]}}],"collection":[{"href":"https:\/\/comunadelascalles.com.ar\/principal\/wp-json\/wp\/v2\/pages"}],"about":[{"href":"https:\/\/comunadelascalles.com.ar\/principal\/wp-json\/wp\/v2\/types\/page"}],"author":[{"embeddable":true,"href":"https:\/\/comunadelascalles.com.ar\/principal\/wp-json\/wp\/v2\/users\/1"}],"replies":[{"embeddable":true,"href":"https:\/\/comunadelascalles.com.ar\/principal\/wp-json\/wp\/v2\/comments?post=23"}],"version-history":[{"count":35,"href":"https:\/\/comunadelascalles.com.ar\/principal\/wp-json\/wp\/v2\/pages\/23\/revisions"}],"predecessor-version":[{"id":3774,"href":"https:\/\/comunadelascalles.com.ar\/principal\/wp-json\/wp\/v2\/pages\/23\/revisions\/3774"}],"wp:attachment":[{"href":"https:\/\/comunadelascalles.com.ar\/principal\/wp-json\/wp\/v2\/media?parent=23"}],"curies":[{"name":"wp","href":"https:\/\/api.w.org\/{rel}","templated":true}]}}