{"id":13,"date":"2022-11-15T09:16:36","date_gmt":"2022-11-15T12:16:36","guid":{"rendered":"https:\/\/comunadelascalles.com.ar\/principal\/?page_id=13"},"modified":"2024-11-06T20:53:31","modified_gmt":"2024-11-06T23:53:31","slug":"turismo-y-cultura","status":"publish","type":"page","link":"https:\/\/comunadelascalles.com.ar\/principal\/turismo-y-cultura\/","title":{"rendered":"TURISMO Y CULTURA"},"content":{"rendered":"\t\t<div data-elementor-type=\"wp-page\" data-elementor-id=\"13\" class=\"elementor elementor-13\" data-elementor-post-type=\"page\">\n\t\t\t\t\t\t<section class=\"elementor-section elementor-top-section elementor-element elementor-element-1d1515f elementor-section-boxed elementor-section-height-default elementor-section-height-default wpr-particle-no wpr-jarallax-no wpr-parallax-no wpr-sticky-section-no wpr-equal-height-no\" data-id=\"1d1515f\" data-element_type=\"section\" data-e-type=\"section\">\n\t\t\t\t\t\t<div class=\"elementor-container elementor-column-gap-default\">\n\t\t\t\t\t<div class=\"elementor-column elementor-col-100 elementor-top-column elementor-element elementor-element-28fdced\" data-id=\"28fdced\" data-element_type=\"column\" data-e-type=\"column\">\n\t\t\t<div class=\"elementor-widget-wrap elementor-element-populated\">\n\t\t\t\t\t\t<div class=\"elementor-element elementor-element-a882499 elementor-widget elementor-widget-heading\" data-id=\"a882499\" data-element_type=\"widget\" data-e-type=\"widget\" data-widget_type=\"heading.default\">\n\t\t\t\t<div class=\"elementor-widget-container\">\n\t\t\t\t\t<h2 class=\"elementor-heading-title elementor-size-default\">TURISMO<\/h2>\t\t\t\t<\/div>\n\t\t\t\t<\/div>\n\t\t\t\t<div class=\"elementor-element elementor-element-5ddfbfd elementor-widget elementor-widget-image\" data-id=\"5ddfbfd\" data-element_type=\"widget\" data-e-type=\"widget\" data-widget_type=\"image.default\">\n\t\t\t\t<div class=\"elementor-widget-container\">\n\t\t\t\t\t\t\t\t\t\t\t\t\t\t\t<img fetchpriority=\"high\" decoding=\"async\" width=\"1024\" height=\"683\" src=\"https:\/\/comunadelascalles.com.ar\/principal\/wp-content\/uploads\/2024\/06\/DSC_5346-1-1024x683.jpg\" class=\"attachment-large size-large wp-image-3187\" alt=\"\" srcset=\"https:\/\/comunadelascalles.com.ar\/principal\/wp-content\/uploads\/2024\/06\/DSC_5346-1-1024x683.jpg 1024w, https:\/\/comunadelascalles.com.ar\/principal\/wp-content\/uploads\/2024\/06\/DSC_5346-1-300x200.jpg 300w, https:\/\/comunadelascalles.com.ar\/principal\/wp-content\/uploads\/2024\/06\/DSC_5346-1-768x512.jpg 768w, https:\/\/comunadelascalles.com.ar\/principal\/wp-content\/uploads\/2024\/06\/DSC_5346-1-1536x1024.jpg 1536w, https:\/\/comunadelascalles.com.ar\/principal\/wp-content\/uploads\/2024\/06\/DSC_5346-1-2048x1365.jpg 2048w\" sizes=\"(max-width: 1024px) 100vw, 1024px\" \/>\t\t\t\t\t\t\t\t\t\t\t\t\t\t\t<\/div>\n\t\t\t\t<\/div>\n\t\t\t\t<div class=\"elementor-element elementor-element-e63a28a elementor-widget__width-initial elementor-widget elementor-widget-text-editor\" data-id=\"e63a28a\" data-element_type=\"widget\" data-e-type=\"widget\" data-widget_type=\"text-editor.default\">\n\t\t\t\t<div class=\"elementor-widget-container\">\n\t\t\t\t\t\t\t\t\t<p><span style=\"font-weight: 400;\">El \u00e1rea de Turismo trabaja para posicionar a Las Calles como un potencial destino tur\u00edstico.<\/span><\/p><h4><strong>Funciones principales:<\/strong><\/h4><p><span style=\"font-weight: 400;\">-Presenta los atractivos tur\u00edsticos y culturales de la localidad.<\/span><\/p><p><span style=\"font-weight: 400;\">-Brinda informaci\u00f3n acerca de los servicios tur\u00edsticos del pueblo como los emprendimientos gastron\u00f3micos, artesanales y hospedajes.<\/span><\/p><p><span style=\"font-weight: 400;\">-Promociona el destino mediante un calendario tur\u00edstico de eventos anuales que rompen la estacionalidad.\u00a0<\/span><\/p><p><span style=\"font-weight: 400;\">\u00a0<\/span><\/p><p><strong>OFICINA DE INFORMES TUR\u00cdSTICOS<\/strong><\/p><p>-Direcci\u00f3n: Av. De Los Recuerdos S\/N<\/p><p>-D\u00edas y horarios de atenci\u00f3n: Temporada de verano e invierno y fines de semana largos de 9 a 13 hs.<\/p>\t\t\t\t\t\t\t\t<\/div>\n\t\t\t\t<\/div>\n\t\t\t\t\t<\/div>\n\t\t<\/div>\n\t\t\t\t\t<\/div>\n\t\t<\/section>\n\t\t\t\t<section class=\"elementor-section elementor-top-section elementor-element elementor-element-18c3d67 elementor-section-boxed elementor-section-height-default elementor-section-height-default wpr-particle-no wpr-jarallax-no wpr-parallax-no wpr-sticky-section-no wpr-equal-height-no\" data-id=\"18c3d67\" data-element_type=\"section\" data-e-type=\"section\">\n\t\t\t\t\t\t<div class=\"elementor-container elementor-column-gap-default\">\n\t\t\t\t\t<div class=\"elementor-column elementor-col-100 elementor-top-column elementor-element elementor-element-1d472a1\" data-id=\"1d472a1\" data-element_type=\"column\" data-e-type=\"column\">\n\t\t\t<div class=\"elementor-widget-wrap elementor-element-populated\">\n\t\t\t\t\t\t<div class=\"elementor-element elementor-element-ba1aa56 elementor-widget elementor-widget-gallery\" data-id=\"ba1aa56\" data-element_type=\"widget\" data-e-type=\"widget\" data-settings=\"{&quot;lazyload&quot;:&quot;yes&quot;,&quot;gallery_layout&quot;:&quot;grid&quot;,&quot;columns&quot;:4,&quot;columns_tablet&quot;:2,&quot;columns_mobile&quot;:1,&quot;gap&quot;:{&quot;unit&quot;:&quot;px&quot;,&quot;size&quot;:10,&quot;sizes&quot;:[]},&quot;gap_tablet&quot;:{&quot;unit&quot;:&quot;px&quot;,&quot;size&quot;:10,&quot;sizes&quot;:[]},&quot;gap_mobile&quot;:{&quot;unit&quot;:&quot;px&quot;,&quot;size&quot;:10,&quot;sizes&quot;:[]},&quot;link_to&quot;:&quot;file&quot;,&quot;aspect_ratio&quot;:&quot;3:2&quot;,&quot;overlay_background&quot;:&quot;yes&quot;,&quot;content_hover_animation&quot;:&quot;fade-in&quot;}\" data-widget_type=\"gallery.default\">\n\t\t\t\t<div class=\"elementor-widget-container\">\n\t\t\t\t\t\t\t<div class=\"elementor-gallery__container\">\n\t\t\t\t\t\t\t<a class=\"e-gallery-item elementor-gallery-item elementor-animated-content\" href=\"https:\/\/comunadelascalles.com.ar\/principal\/wp-content\/uploads\/2024\/10\/WhatsApp-Image-2024-10-17-at-4.46.55-PM.jpeg\" data-elementor-open-lightbox=\"yes\" data-elementor-lightbox-slideshow=\"ba1aa56\" data-elementor-lightbox-title=\"WhatsApp Image 2024-10-17 at 4.46.55 PM\" data-e-action-hash=\"#elementor-action%3Aaction%3Dlightbox%26settings%3DeyJpZCI6Mzc1MiwidXJsIjoiaHR0cHM6XC9cL2NvbXVuYWRlbGFzY2FsbGVzLmNvbS5hclwvcHJpbmNpcGFsXC93cC1jb250ZW50XC91cGxvYWRzXC8yMDI0XC8xMFwvV2hhdHNBcHAtSW1hZ2UtMjAyNC0xMC0xNy1hdC00LjQ2LjU1LVBNLmpwZWciLCJzbGlkZXNob3ciOiJiYTFhYTU2In0%3D\">\n\t\t\t\t\t<div class=\"e-gallery-image elementor-gallery-item__image\" data-thumbnail=\"https:\/\/comunadelascalles.com.ar\/principal\/wp-content\/uploads\/2024\/10\/WhatsApp-Image-2024-10-17-at-4.46.55-PM-225x300.jpeg\" data-width=\"225\" data-height=\"300\" aria-label=\"\" role=\"img\" ><\/div>\n\t\t\t\t\t\t\t\t\t\t\t<div class=\"elementor-gallery-item__overlay\"><\/div>\n\t\t\t\t\t\t\t\t\t\t\t\t\t\t<\/a>\n\t\t\t\t\t\t\t<a class=\"e-gallery-item elementor-gallery-item elementor-animated-content\" href=\"https:\/\/comunadelascalles.com.ar\/principal\/wp-content\/uploads\/2024\/10\/WhatsApp-Image-2024-10-17-at-4.46.14-PM.jpeg\" data-elementor-open-lightbox=\"yes\" data-elementor-lightbox-slideshow=\"ba1aa56\" data-elementor-lightbox-title=\"WhatsApp Image 2024-10-17 at 4.46.14 PM\" data-e-action-hash=\"#elementor-action%3Aaction%3Dlightbox%26settings%3DeyJpZCI6Mzc1MywidXJsIjoiaHR0cHM6XC9cL2NvbXVuYWRlbGFzY2FsbGVzLmNvbS5hclwvcHJpbmNpcGFsXC93cC1jb250ZW50XC91cGxvYWRzXC8yMDI0XC8xMFwvV2hhdHNBcHAtSW1hZ2UtMjAyNC0xMC0xNy1hdC00LjQ2LjE0LVBNLmpwZWciLCJzbGlkZXNob3ciOiJiYTFhYTU2In0%3D\">\n\t\t\t\t\t<div class=\"e-gallery-image elementor-gallery-item__image\" data-thumbnail=\"https:\/\/comunadelascalles.com.ar\/principal\/wp-content\/uploads\/2024\/10\/WhatsApp-Image-2024-10-17-at-4.46.14-PM-300x225.jpeg\" data-width=\"300\" data-height=\"225\" aria-label=\"\" role=\"img\" ><\/div>\n\t\t\t\t\t\t\t\t\t\t\t<div class=\"elementor-gallery-item__overlay\"><\/div>\n\t\t\t\t\t\t\t\t\t\t\t\t\t\t<\/a>\n\t\t\t\t\t\t\t<a class=\"e-gallery-item elementor-gallery-item elementor-animated-content\" href=\"https:\/\/comunadelascalles.com.ar\/principal\/wp-content\/uploads\/2024\/10\/WhatsApp-Image-2024-10-17-at-4.45.39-PM.jpeg\" data-elementor-open-lightbox=\"yes\" data-elementor-lightbox-slideshow=\"ba1aa56\" data-elementor-lightbox-title=\"WhatsApp Image 2024-10-17 at 4.45.39 PM\" data-e-action-hash=\"#elementor-action%3Aaction%3Dlightbox%26settings%3DeyJpZCI6Mzc1NCwidXJsIjoiaHR0cHM6XC9cL2NvbXVuYWRlbGFzY2FsbGVzLmNvbS5hclwvcHJpbmNpcGFsXC93cC1jb250ZW50XC91cGxvYWRzXC8yMDI0XC8xMFwvV2hhdHNBcHAtSW1hZ2UtMjAyNC0xMC0xNy1hdC00LjQ1LjM5LVBNLmpwZWciLCJzbGlkZXNob3ciOiJiYTFhYTU2In0%3D\">\n\t\t\t\t\t<div class=\"e-gallery-image elementor-gallery-item__image\" data-thumbnail=\"https:\/\/comunadelascalles.com.ar\/principal\/wp-content\/uploads\/2024\/10\/WhatsApp-Image-2024-10-17-at-4.45.39-PM-300x169.jpeg\" data-width=\"300\" data-height=\"169\" aria-label=\"\" role=\"img\" ><\/div>\n\t\t\t\t\t\t\t\t\t\t\t<div class=\"elementor-gallery-item__overlay\"><\/div>\n\t\t\t\t\t\t\t\t\t\t\t\t\t\t<\/a>\n\t\t\t\t\t\t\t<a class=\"e-gallery-item elementor-gallery-item elementor-animated-content\" href=\"https:\/\/comunadelascalles.com.ar\/principal\/wp-content\/uploads\/2024\/10\/WhatsApp-Image-2024-10-17-at-4.45.17-PM.jpeg\" data-elementor-open-lightbox=\"yes\" data-elementor-lightbox-slideshow=\"ba1aa56\" data-elementor-lightbox-title=\"WhatsApp Image 2024-10-17 at 4.45.17 PM\" data-e-action-hash=\"#elementor-action%3Aaction%3Dlightbox%26settings%3DeyJpZCI6Mzc1NSwidXJsIjoiaHR0cHM6XC9cL2NvbXVuYWRlbGFzY2FsbGVzLmNvbS5hclwvcHJpbmNpcGFsXC93cC1jb250ZW50XC91cGxvYWRzXC8yMDI0XC8xMFwvV2hhdHNBcHAtSW1hZ2UtMjAyNC0xMC0xNy1hdC00LjQ1LjE3LVBNLmpwZWciLCJzbGlkZXNob3ciOiJiYTFhYTU2In0%3D\">\n\t\t\t\t\t<div class=\"e-gallery-image elementor-gallery-item__image\" data-thumbnail=\"https:\/\/comunadelascalles.com.ar\/principal\/wp-content\/uploads\/2024\/10\/WhatsApp-Image-2024-10-17-at-4.45.17-PM-225x300.jpeg\" data-width=\"225\" data-height=\"300\" aria-label=\"\" role=\"img\" ><\/div>\n\t\t\t\t\t\t\t\t\t\t\t<div class=\"elementor-gallery-item__overlay\"><\/div>\n\t\t\t\t\t\t\t\t\t\t\t\t\t\t<\/a>\n\t\t\t\t\t<\/div>\n\t\t\t\t\t<\/div>\n\t\t\t\t<\/div>\n\t\t\t\t\t<\/div>\n\t\t<\/div>\n\t\t\t\t\t<\/div>\n\t\t<\/section>\n\t\t\t\t<section class=\"elementor-section elementor-top-section elementor-element elementor-element-da00313 elementor-section-boxed elementor-section-height-default elementor-section-height-default wpr-particle-no wpr-jarallax-no wpr-parallax-no wpr-sticky-section-no wpr-equal-height-no\" data-id=\"da00313\" data-element_type=\"section\" data-e-type=\"section\">\n\t\t\t\t\t\t<div class=\"elementor-container elementor-column-gap-default\">\n\t\t\t\t\t<div class=\"elementor-column elementor-col-100 elementor-top-column elementor-element elementor-element-666512d\" data-id=\"666512d\" data-element_type=\"column\" data-e-type=\"column\">\n\t\t\t<div class=\"elementor-widget-wrap elementor-element-populated\">\n\t\t\t\t\t\t<div class=\"elementor-element elementor-element-4fb9f7e elementor-widget elementor-widget-heading\" data-id=\"4fb9f7e\" data-element_type=\"widget\" data-e-type=\"widget\" data-widget_type=\"heading.default\">\n\t\t\t\t<div class=\"elementor-widget-container\">\n\t\t\t\t\t<h2 class=\"elementor-heading-title elementor-size-default\">CULTURA<\/h2>\t\t\t\t<\/div>\n\t\t\t\t<\/div>\n\t\t\t\t<div class=\"elementor-element elementor-element-748c58b elementor-widget elementor-widget-image\" data-id=\"748c58b\" data-element_type=\"widget\" data-e-type=\"widget\" data-widget_type=\"image.default\">\n\t\t\t\t<div class=\"elementor-widget-container\">\n\t\t\t\t\t\t\t\t\t\t\t\t\t\t\t<img decoding=\"async\" width=\"1024\" height=\"576\" src=\"https:\/\/comunadelascalles.com.ar\/principal\/wp-content\/uploads\/2024\/10\/WhatsApp-Image-2024-10-17-at-4.45.39-PM-1024x576.jpeg\" class=\"attachment-large size-large wp-image-3754\" alt=\"\" srcset=\"https:\/\/comunadelascalles.com.ar\/principal\/wp-content\/uploads\/2024\/10\/WhatsApp-Image-2024-10-17-at-4.45.39-PM-1024x576.jpeg 1024w, https:\/\/comunadelascalles.com.ar\/principal\/wp-content\/uploads\/2024\/10\/WhatsApp-Image-2024-10-17-at-4.45.39-PM-300x169.jpeg 300w, https:\/\/comunadelascalles.com.ar\/principal\/wp-content\/uploads\/2024\/10\/WhatsApp-Image-2024-10-17-at-4.45.39-PM-768x432.jpeg 768w, https:\/\/comunadelascalles.com.ar\/principal\/wp-content\/uploads\/2024\/10\/WhatsApp-Image-2024-10-17-at-4.45.39-PM.jpeg 1280w\" sizes=\"(max-width: 1024px) 100vw, 1024px\" \/>\t\t\t\t\t\t\t\t\t\t\t\t\t\t\t<\/div>\n\t\t\t\t<\/div>\n\t\t\t\t<div class=\"elementor-element elementor-element-bf0d39c elementor-widget__width-initial elementor-widget elementor-widget-text-editor\" data-id=\"bf0d39c\" data-element_type=\"widget\" data-e-type=\"widget\" data-widget_type=\"text-editor.default\">\n\t\t\t\t<div class=\"elementor-widget-container\">\n\t\t\t\t\t\t\t\t\t<p><span style=\"font-weight: 400;\">El \u00e1rea de Cultura\u00a0organiza y desarrolla acciones dirigidas a promover la cultura en sus distintas manifestaciones. <\/span><\/p><h4><strong>Funciones principales:<\/strong><\/h4><p><span style=\"font-weight: 400;\">-Coordina el dictado de distintos talleres orientados a los intereses de la comunidad.<\/span><\/p><p><span style=\"font-weight: 400;\">-Organiza y dirige a la Feria de artesan\u00edas, gastronom\u00eda y producci\u00f3n local.<\/span><\/p><p><span style=\"font-weight: 400;\">-Investiga y estudia el patrimonio hist\u00f3rico de la localidad.<\/span><\/p><p>\u00a0<\/p><ul><li><em><strong>Secretaria de Turismo y Cultura: Licenciada en Turismo<\/strong><strong> Antonella De Vita.\u00a0<\/strong><\/em><\/li><\/ul>\t\t\t\t\t\t\t\t<\/div>\n\t\t\t\t<\/div>\n\t\t\t\t\t<\/div>\n\t\t<\/div>\n\t\t\t\t\t<\/div>\n\t\t<\/section>\n\t\t\t\t<section class=\"elementor-section elementor-top-section elementor-element elementor-element-56493be elementor-section-boxed elementor-section-height-default elementor-section-height-default wpr-particle-no wpr-jarallax-no wpr-parallax-no wpr-sticky-section-no wpr-equal-height-no\" data-id=\"56493be\" data-element_type=\"section\" data-e-type=\"section\">\n\t\t\t\t\t\t<div class=\"elementor-container elementor-column-gap-default\">\n\t\t\t\t\t<div class=\"elementor-column elementor-col-100 elementor-top-column elementor-element elementor-element-141786b\" data-id=\"141786b\" data-element_type=\"column\" data-e-type=\"column\">\n\t\t\t<div class=\"elementor-widget-wrap elementor-element-populated\">\n\t\t\t\t\t\t<div class=\"elementor-element elementor-element-8ea9894 elementor-widget elementor-widget-text-editor\" data-id=\"8ea9894\" data-element_type=\"widget\" data-e-type=\"widget\" data-widget_type=\"text-editor.default\">\n\t\t\t\t<div class=\"elementor-widget-container\">\n\t\t\t\t\t\t\t\t\t<h5>\u00a0<\/h5><h5>\ud83d\udfe3 <strong>SUMATE A LOS TALLERES DE CULTURA EN LAS CALLES<\/strong> \ud83c\udfad<\/h5><h5>\ud83e\udd38\ud83c\udffb\u200d\u2640\ufe0f<strong> ACROBACIAS EN TELA<\/strong><br \/>Horario: Martes y jueves de 18:30 a 20 hs <br \/>Profesora: Paula Orbegozo<br \/>Contacto: 351-389-6472<\/h5><h5>\ud83d\udc83\ud83c\udffb <strong>BIODANZA<\/strong><br \/>Horario: Martes de 15 a 17 hs en el Polideportivo comunal <br \/>Profesora: Alejandra Sandoval <br \/>Contacto: 3544-61-5280<\/h5><h5>\ud83d\udc59<strong> CONFECCI\u00d3N EN LENCER\u00cdA<\/strong><br \/>(Cupos completos)<br \/>Horario: Lunes y jueves de 14:30 a 17 hs en la Sala Cuna <br \/>Profesora: Paula Matarese<br \/>Contacto: 11-6036-0603<\/h5><h5>\ud83d\udc69\ud83c\udffb\u200d\ud83c\udfa8<strong> DIBUJO Y PINTURA<\/strong> <br \/>Horario: Martes y mi\u00e9rcoles de 18:30 a 20:30 hs<br \/>Profesora: Yanina Maldonado <br \/>Contacto: 351-624-0939<\/h5><h5>\ud83e\uddd8\ud83c\udffb\u200d\u2640\ufe0f <strong>FITYOGA<\/strong> <br \/>Horario: Lunes y mi\u00e9rcoles de 10 a 11:30 hs en el Polideportivo comunal <br \/>Profesora: Kusiska Delgado <br \/>Contacto: 11-5347-4544<\/h5><h5>\ud83d\udcaa <strong>GIMNASIA LOCAL\u00a0<\/strong> \u00a0 \u00a0 \u00a0 \u00a0 \u00a0 \u00a0 Horario: Martes y jueves de 20 a 22:00 hs en el Polideportivo comunal <br \/>Profesora: Personal Trainer Martina Pereyra<br \/>Contacto: 3544-5453-73<\/h5><h5>\ud83d\udee0\ufe0f <strong>MECANICA DE MOTOS<\/strong> <br \/>(Cupos completos)<br \/>Horario: Martes y jueves de 18 a 22 hs en predio al lado de la comuna<br \/>Profesor: Alejandro Valles<br \/>Contacto: 3544-46-9925<\/h5><h5>\ud83c\udfb8 <strong>GUITARRA<\/strong> <br \/>Horario: Mi\u00e9rcoles de 15 a 17 hs en la Sala Cuna comunal <br \/>Profesor: Turu S\u00e1ez <br \/>Contacto: 3544-54-9788<\/h5><h5>\u26f8\u00a0<strong>PATINAJE ART\u00cdSTICO<\/strong><br \/>Horario: Mi\u00e9rcoles de 18:30 a 20 hs en el Polideportivo comunal<br \/>Profesora: Nikita Rodr\u00edguez <br \/>Contacto: 3544-64-4888<\/h5><h5>\ud83d\udc69\ud83c\udffb\u200d\ud83e\uddb3 <strong>RECREACI\u00d3N PARA ADULTOS MAYORES<\/strong><br \/>Horario: Martes de 14:30 a 16 hs en la Sala Cuna comunal <br \/>Profesora: Lic. Diana Walter Cabrera<br \/>Contacto: 11-6789-6653<\/h5>\t\t\t\t\t\t\t\t<\/div>\n\t\t\t\t<\/div>\n\t\t\t\t\t<\/div>\n\t\t<\/div>\n\t\t\t\t\t<\/div>\n\t\t<\/section>\n\t\t\t\t<\/div>\n\t\t","protected":false},"excerpt":{"rendered":"<p>TURISMO El \u00e1rea de Turismo trabaja para posicionar a Las Calles como un potencial destino tur\u00edstico. Funciones principales: -Presenta los atractivos tur\u00edsticos y culturales de la localidad. -Brinda informaci\u00f3n acerca de los servicios tur\u00edsticos del pueblo como los emprendimientos gastron\u00f3micos, &hellip; <a href=\"https:\/\/comunadelascalles.com.ar\/principal\/turismo-y-cultura\/\">Continued<\/a><\/p>\n","protected":false},"author":1,"featured_media":0,"parent":0,"menu_order":0,"comment_status":"closed","ping_status":"closed","template":"essential-blocks-fullwidth-template.php","meta":{"_eb_attr":"","footnotes":""},"class_list":["post-13","page","type-page","status-publish","hentry"],"yoast_head":"<!-- This site is optimized with the Yoast SEO plugin v27.4 - https:\/\/yoast.com\/product\/yoast-seo-wordpress\/ -->\n<title>TURISMO Y CULTURA - Comuna de Las Calles, Traslasierra<\/title>\n<meta name=\"robots\" content=\"index, follow, max-snippet:-1, max-image-preview:large, max-video-preview:-1\" \/>\n<link rel=\"canonical\" href=\"https:\/\/comunadelascalles.com.ar\/principal\/turismo-y-cultura\/\" \/>\n<meta property=\"og:locale\" content=\"es_ES\" \/>\n<meta property=\"og:type\" content=\"article\" \/>\n<meta property=\"og:title\" content=\"TURISMO Y CULTURA - Comuna de Las Calles, Traslasierra\" \/>\n<meta property=\"og:description\" content=\"TURISMO El \u00e1rea de Turismo trabaja para posicionar a Las Calles como un potencial destino tur\u00edstico. Funciones principales: -Presenta los atractivos tur\u00edsticos y culturales de la localidad. -Brinda informaci\u00f3n acerca de los servicios tur\u00edsticos del pueblo como los emprendimientos gastron\u00f3micos, &hellip; Continued\" \/>\n<meta property=\"og:url\" content=\"https:\/\/comunadelascalles.com.ar\/principal\/turismo-y-cultura\/\" \/>\n<meta property=\"og:site_name\" content=\"Comuna de Las Calles, Traslasierra\" \/>\n<meta property=\"article:modified_time\" content=\"2024-11-06T23:53:31+00:00\" \/>\n<meta property=\"og:image\" content=\"https:\/\/comunadelascalles.com.ar\/principal\/wp-content\/uploads\/2024\/06\/DSC_5346-1-scaled.jpg\" \/>\n\t<meta property=\"og:image:width\" content=\"2560\" \/>\n\t<meta property=\"og:image:height\" content=\"1707\" \/>\n\t<meta property=\"og:image:type\" content=\"image\/jpeg\" \/>\n<meta name=\"twitter:card\" content=\"summary_large_image\" \/>\n<meta name=\"twitter:label1\" content=\"Tiempo de lectura\" \/>\n\t<meta name=\"twitter:data1\" content=\"5 minutos\" \/>\n<script type=\"application\/ld+json\" class=\"yoast-schema-graph\">{\"@context\":\"https:\\\/\\\/schema.org\",\"@graph\":[{\"@type\":\"WebPage\",\"@id\":\"https:\\\/\\\/comunadelascalles.com.ar\\\/principal\\\/turismo-y-cultura\\\/\",\"url\":\"https:\\\/\\\/comunadelascalles.com.ar\\\/principal\\\/turismo-y-cultura\\\/\",\"name\":\"TURISMO Y CULTURA - Comuna de Las Calles, Traslasierra\",\"isPartOf\":{\"@id\":\"https:\\\/\\\/comunadelascalles.com.ar\\\/principal\\\/#website\"},\"primaryImageOfPage\":{\"@id\":\"https:\\\/\\\/comunadelascalles.com.ar\\\/principal\\\/turismo-y-cultura\\\/#primaryimage\"},\"image\":{\"@id\":\"https:\\\/\\\/comunadelascalles.com.ar\\\/principal\\\/turismo-y-cultura\\\/#primaryimage\"},\"thumbnailUrl\":\"https:\\\/\\\/comunadelascalles.com.ar\\\/principal\\\/wp-content\\\/uploads\\\/2024\\\/06\\\/DSC_5346-1-1024x683.jpg\",\"datePublished\":\"2022-11-15T12:16:36+00:00\",\"dateModified\":\"2024-11-06T23:53:31+00:00\",\"breadcrumb\":{\"@id\":\"https:\\\/\\\/comunadelascalles.com.ar\\\/principal\\\/turismo-y-cultura\\\/#breadcrumb\"},\"inLanguage\":\"es-AR\",\"potentialAction\":[{\"@type\":\"ReadAction\",\"target\":[\"https:\\\/\\\/comunadelascalles.com.ar\\\/principal\\\/turismo-y-cultura\\\/\"]}]},{\"@type\":\"ImageObject\",\"inLanguage\":\"es-AR\",\"@id\":\"https:\\\/\\\/comunadelascalles.com.ar\\\/principal\\\/turismo-y-cultura\\\/#primaryimage\",\"url\":\"https:\\\/\\\/comunadelascalles.com.ar\\\/principal\\\/wp-content\\\/uploads\\\/2024\\\/06\\\/DSC_5346-1-scaled.jpg\",\"contentUrl\":\"https:\\\/\\\/comunadelascalles.com.ar\\\/principal\\\/wp-content\\\/uploads\\\/2024\\\/06\\\/DSC_5346-1-scaled.jpg\",\"width\":2560,\"height\":1707},{\"@type\":\"BreadcrumbList\",\"@id\":\"https:\\\/\\\/comunadelascalles.com.ar\\\/principal\\\/turismo-y-cultura\\\/#breadcrumb\",\"itemListElement\":[{\"@type\":\"ListItem\",\"position\":1,\"name\":\"Inicio\",\"item\":\"https:\\\/\\\/comunadelascalles.com.ar\\\/principal\\\/\"},{\"@type\":\"ListItem\",\"position\":2,\"name\":\"TURISMO Y CULTURA\"}]},{\"@type\":\"WebSite\",\"@id\":\"https:\\\/\\\/comunadelascalles.com.ar\\\/principal\\\/#website\",\"url\":\"https:\\\/\\\/comunadelascalles.com.ar\\\/principal\\\/\",\"name\":\"Comuna de Las Calles, Traslasierra\",\"description\":\"Las Calles, descubr\u00ed el para\u00edso\",\"potentialAction\":[{\"@type\":\"SearchAction\",\"target\":{\"@type\":\"EntryPoint\",\"urlTemplate\":\"https:\\\/\\\/comunadelascalles.com.ar\\\/principal\\\/?s={search_term_string}\"},\"query-input\":{\"@type\":\"PropertyValueSpecification\",\"valueRequired\":true,\"valueName\":\"search_term_string\"}}],\"inLanguage\":\"es-AR\"}]}<\/script>\n<!-- \/ Yoast SEO plugin. -->","yoast_head_json":{"title":"TURISMO Y CULTURA - Comuna de Las Calles, Traslasierra","robots":{"index":"index","follow":"follow","max-snippet":"max-snippet:-1","max-image-preview":"max-image-preview:large","max-video-preview":"max-video-preview:-1"},"canonical":"https:\/\/comunadelascalles.com.ar\/principal\/turismo-y-cultura\/","og_locale":"es_ES","og_type":"article","og_title":"TURISMO Y CULTURA - Comuna de Las Calles, Traslasierra","og_description":"TURISMO El \u00e1rea de Turismo trabaja para posicionar a Las Calles como un potencial destino tur\u00edstico. Funciones principales: -Presenta los atractivos tur\u00edsticos y culturales de la localidad. -Brinda informaci\u00f3n acerca de los servicios tur\u00edsticos del pueblo como los emprendimientos gastron\u00f3micos, &hellip; Continued","og_url":"https:\/\/comunadelascalles.com.ar\/principal\/turismo-y-cultura\/","og_site_name":"Comuna de Las Calles, Traslasierra","article_modified_time":"2024-11-06T23:53:31+00:00","og_image":[{"width":2560,"height":1707,"url":"https:\/\/comunadelascalles.com.ar\/principal\/wp-content\/uploads\/2024\/06\/DSC_5346-1-scaled.jpg","type":"image\/jpeg"}],"twitter_card":"summary_large_image","twitter_misc":{"Tiempo de lectura":"5 minutos"},"schema":{"@context":"https:\/\/schema.org","@graph":[{"@type":"WebPage","@id":"https:\/\/comunadelascalles.com.ar\/principal\/turismo-y-cultura\/","url":"https:\/\/comunadelascalles.com.ar\/principal\/turismo-y-cultura\/","name":"TURISMO Y CULTURA - Comuna de Las Calles, Traslasierra","isPartOf":{"@id":"https:\/\/comunadelascalles.com.ar\/principal\/#website"},"primaryImageOfPage":{"@id":"https:\/\/comunadelascalles.com.ar\/principal\/turismo-y-cultura\/#primaryimage"},"image":{"@id":"https:\/\/comunadelascalles.com.ar\/principal\/turismo-y-cultura\/#primaryimage"},"thumbnailUrl":"https:\/\/comunadelascalles.com.ar\/principal\/wp-content\/uploads\/2024\/06\/DSC_5346-1-1024x683.jpg","datePublished":"2022-11-15T12:16:36+00:00","dateModified":"2024-11-06T23:53:31+00:00","breadcrumb":{"@id":"https:\/\/comunadelascalles.com.ar\/principal\/turismo-y-cultura\/#breadcrumb"},"inLanguage":"es-AR","potentialAction":[{"@type":"ReadAction","target":["https:\/\/comunadelascalles.com.ar\/principal\/turismo-y-cultura\/"]}]},{"@type":"ImageObject","inLanguage":"es-AR","@id":"https:\/\/comunadelascalles.com.ar\/principal\/turismo-y-cultura\/#primaryimage","url":"https:\/\/comunadelascalles.com.ar\/principal\/wp-content\/uploads\/2024\/06\/DSC_5346-1-scaled.jpg","contentUrl":"https:\/\/comunadelascalles.com.ar\/principal\/wp-content\/uploads\/2024\/06\/DSC_5346-1-scaled.jpg","width":2560,"height":1707},{"@type":"BreadcrumbList","@id":"https:\/\/comunadelascalles.com.ar\/principal\/turismo-y-cultura\/#breadcrumb","itemListElement":[{"@type":"ListItem","position":1,"name":"Inicio","item":"https:\/\/comunadelascalles.com.ar\/principal\/"},{"@type":"ListItem","position":2,"name":"TURISMO Y CULTURA"}]},{"@type":"WebSite","@id":"https:\/\/comunadelascalles.com.ar\/principal\/#website","url":"https:\/\/comunadelascalles.com.ar\/principal\/","name":"Comuna de Las Calles, Traslasierra","description":"Las Calles, descubr\u00ed el para\u00edso","potentialAction":[{"@type":"SearchAction","target":{"@type":"EntryPoint","urlTemplate":"https:\/\/comunadelascalles.com.ar\/principal\/?s={search_term_string}"},"query-input":{"@type":"PropertyValueSpecification","valueRequired":true,"valueName":"search_term_string"}}],"inLanguage":"es-AR"}]}},"_links":{"self":[{"href":"https:\/\/comunadelascalles.com.ar\/principal\/wp-json\/wp\/v2\/pages\/13","targetHints":{"allow":["GET"]}}],"collection":[{"href":"https:\/\/comunadelascalles.com.ar\/principal\/wp-json\/wp\/v2\/pages"}],"about":[{"href":"https:\/\/comunadelascalles.com.ar\/principal\/wp-json\/wp\/v2\/types\/page"}],"author":[{"embeddable":true,"href":"https:\/\/comunadelascalles.com.ar\/principal\/wp-json\/wp\/v2\/users\/1"}],"replies":[{"embeddable":true,"href":"https:\/\/comunadelascalles.com.ar\/principal\/wp-json\/wp\/v2\/comments?post=13"}],"version-history":[{"count":64,"href":"https:\/\/comunadelascalles.com.ar\/principal\/wp-json\/wp\/v2\/pages\/13\/revisions"}],"predecessor-version":[{"id":3943,"href":"https:\/\/comunadelascalles.com.ar\/principal\/wp-json\/wp\/v2\/pages\/13\/revisions\/3943"}],"wp:attachment":[{"href":"https:\/\/comunadelascalles.com.ar\/principal\/wp-json\/wp\/v2\/media?parent=13"}],"curies":[{"name":"wp","href":"https:\/\/api.w.org\/{rel}","templated":true}]}}